{"id":4448,"date":"2019-07-11T16:00:14","date_gmt":"2019-07-11T14:00:14","guid":{"rendered":"http:\/\/atas.devsrvr.net\/prodotto\/netins-2\/"},"modified":"2022-08-02T09:53:09","modified_gmt":"2022-08-02T07:53:09","slug":"netins-2","status":"publish","type":"product","link":"https:\/\/www.atassrl.it\/de\/produkt\/netins-2\/","title":{"rendered":"NETINS"},"content":{"rendered":"<p style=\"font-weight: 400;\">Konzentriertes Produkt zum Aufl\u00f6sen und Entfernen von Insektenr\u00fcckst\u00e4nden von Karosserien, Fenstern und Sto\u00dfstangen. Angenehm duftend, hinterl\u00e4sst es keine Schlieren und R\u00fcckst\u00e4nde und ver\u00e4ndert die behandelten Teile nicht. Es enth\u00e4lt Ammoniak.<\/p>\n","protected":false},"excerpt":{"rendered":"<div><span lang=\"DE\">INSEKTENENTFERNER<\/span><\/div>\n","protected":false},"featured_media":4123,"template":"","meta":{"_acf_changed":false,"_seopress_robots_primary_cat":"","_seopress_titles_title":"","_seopress_titles_desc":"","_seopress_robots_index":"","_seopress_analysis_target_kw":""},"product_brand":[],"product_cat":[723,382,274],"product_tag":[],"class_list":{"0":"post-4448","1":"product","2":"type-product","3":"status-publish","4":"has-post-thumbnail","6":"product_cat-ausenreiniger","7":"product_cat-glaeser-und-kristalle","8":"product_cat-linea-atasdet-de","10":"first","11":"outofstock","12":"shipping-taxable","13":"product-type-variable"},"acf":[],"_links":{"self":[{"href":"https:\/\/www.atassrl.it\/de\/wp-json\/wp\/v2\/product\/4448","targetHints":{"allow":["GET"]}}],"collection":[{"href":"https:\/\/www.atassrl.it\/de\/wp-json\/wp\/v2\/product"}],"about":[{"href":"https:\/\/www.atassrl.it\/de\/wp-json\/wp\/v2\/types\/product"}],"wp:featuredmedia":[{"embeddable":true,"href":"https:\/\/www.atassrl.it\/de\/wp-json\/wp\/v2\/media\/4123"}],"wp:attachment":[{"href":"https:\/\/www.atassrl.it\/de\/wp-json\/wp\/v2\/media?parent=4448"}],"wp:term":[{"taxonomy":"product_brand","embeddable":true,"href":"https:\/\/www.atassrl.it\/de\/wp-json\/wp\/v2\/product_brand?post=4448"},{"taxonomy":"product_cat","embeddable":true,"href":"https:\/\/www.atassrl.it\/de\/wp-json\/wp\/v2\/product_cat?post=4448"},{"taxonomy":"product_tag","embeddable":true,"href":"https:\/\/www.atassrl.it\/de\/wp-json\/wp\/v2\/product_tag?post=4448"}],"curies":[{"name":"wp","href":"https:\/\/api.w.org\/{rel}","templated":true}]}}