{"id":4449,"date":"2019-07-11T16:07:14","date_gmt":"2019-07-11T14:07:14","guid":{"rendered":"http:\/\/atas.devsrvr.net\/prodotto\/detap-2\/"},"modified":"2022-08-02T09:56:41","modified_gmt":"2022-08-02T07:56:41","slug":"detap-2","status":"publish","type":"product","link":"https:\/\/www.atassrl.it\/de\/produkt\/detap-2\/","title":{"rendered":"DETAP"},"content":{"rendered":"<p style=\"font-weight: 400;\">Dank der enthaltenen Tenside mit suspendierender Wirkung reinigt und entfettet es Autoinnenr\u00e4ume und Stoffsitze und belebt ihre Farben. Es bildet keinen Schaum und hinterl\u00e4sst einen angenehmen Duft. F\u00fcr den manuellen Einsatz und f\u00fcr Absaugger\u00e4te geeignet. Die sch\u00e4umende Version &#8222;SC2&#8220; ist verf\u00fcgbar.<\/p>\n","protected":false},"excerpt":{"rendered":"<div><span lang=\"DE\">WASCHMITTEL F\u00dcR STOFFE UND TEPPICHE<\/span><\/div>\n","protected":false},"featured_media":4038,"template":"","meta":{"_acf_changed":false,"_seopress_robots_primary_cat":"","_seopress_titles_title":"","_seopress_titles_desc":"","_seopress_robots_index":"","_seopress_analysis_target_kw":""},"product_brand":[],"product_cat":[327,725,274],"product_tag":[],"class_list":{"0":"post-4449","1":"product","2":"type-product","3":"status-publish","4":"has-post-thumbnail","6":"product_cat-auto-innenausstattung-de","7":"product_cat-innenreiniger","8":"product_cat-linea-atasdet-de","10":"first","11":"instock","12":"shipping-taxable","13":"product-type-variable"},"acf":[],"_links":{"self":[{"href":"https:\/\/www.atassrl.it\/de\/wp-json\/wp\/v2\/product\/4449","targetHints":{"allow":["GET"]}}],"collection":[{"href":"https:\/\/www.atassrl.it\/de\/wp-json\/wp\/v2\/product"}],"about":[{"href":"https:\/\/www.atassrl.it\/de\/wp-json\/wp\/v2\/types\/product"}],"wp:featuredmedia":[{"embeddable":true,"href":"https:\/\/www.atassrl.it\/de\/wp-json\/wp\/v2\/media\/4038"}],"wp:attachment":[{"href":"https:\/\/www.atassrl.it\/de\/wp-json\/wp\/v2\/media?parent=4449"}],"wp:term":[{"taxonomy":"product_brand","embeddable":true,"href":"https:\/\/www.atassrl.it\/de\/wp-json\/wp\/v2\/product_brand?post=4449"},{"taxonomy":"product_cat","embeddable":true,"href":"https:\/\/www.atassrl.it\/de\/wp-json\/wp\/v2\/product_cat?post=4449"},{"taxonomy":"product_tag","embeddable":true,"href":"https:\/\/www.atassrl.it\/de\/wp-json\/wp\/v2\/product_tag?post=4449"}],"curies":[{"name":"wp","href":"https:\/\/api.w.org\/{rel}","templated":true}]}}