{"id":4453,"date":"2019-07-11T16:08:46","date_gmt":"2019-07-11T14:08:46","guid":{"rendered":"http:\/\/atas.devsrvr.net\/prodotto\/detap-dbs\/"},"modified":"2022-08-02T09:59:15","modified_gmt":"2022-08-02T07:59:15","slug":"detap-dbs","status":"publish","type":"product","link":"https:\/\/www.atassrl.it\/de\/produkt\/detap-dbs\/","title":{"rendered":"DETAP DBS"},"content":{"rendered":"<p style=\"font-weight: 400;\">Spezialprodukt mit reduzierter Schaumkraft, geeignet f\u00fcr die Reinigung von Autoinnenr\u00e4umen aus Stoff, Teppich, Kunststoff und Metall. Formuliert mit speziellen Substanzen mit hoher Reinigungskraft, die in der Lage sind, Schmutz schnell und endg\u00fcltig zu l\u00f6sen und zu emulgieren, erneuert es die Farben und hinterl\u00e4sst einen angenehmen Duft. Sowohl f\u00fcr die Extraktion als auch f\u00fcr den manuellen Gebrauch geeignet.<\/p>\n","protected":false},"excerpt":{"rendered":"<div><span lang=\"EN-US\">WASCHMITTEL F\u00dcR STOFFINNEN<\/span><\/div>\n","protected":false},"featured_media":4036,"template":"","meta":{"_acf_changed":false,"_seopress_robots_primary_cat":"","_seopress_titles_title":"","_seopress_titles_desc":"","_seopress_robots_index":"","_seopress_analysis_target_kw":""},"product_brand":[],"product_cat":[327,725,274],"product_tag":[],"class_list":{"0":"post-4453","1":"product","2":"type-product","3":"status-publish","4":"has-post-thumbnail","6":"product_cat-auto-innenausstattung-de","7":"product_cat-innenreiniger","8":"product_cat-linea-atasdet-de","10":"first","11":"instock","12":"shipping-taxable","13":"product-type-simple"},"acf":[],"_links":{"self":[{"href":"https:\/\/www.atassrl.it\/de\/wp-json\/wp\/v2\/product\/4453","targetHints":{"allow":["GET"]}}],"collection":[{"href":"https:\/\/www.atassrl.it\/de\/wp-json\/wp\/v2\/product"}],"about":[{"href":"https:\/\/www.atassrl.it\/de\/wp-json\/wp\/v2\/types\/product"}],"wp:featuredmedia":[{"embeddable":true,"href":"https:\/\/www.atassrl.it\/de\/wp-json\/wp\/v2\/media\/4036"}],"wp:attachment":[{"href":"https:\/\/www.atassrl.it\/de\/wp-json\/wp\/v2\/media?parent=4453"}],"wp:term":[{"taxonomy":"product_brand","embeddable":true,"href":"https:\/\/www.atassrl.it\/de\/wp-json\/wp\/v2\/product_brand?post=4453"},{"taxonomy":"product_cat","embeddable":true,"href":"https:\/\/www.atassrl.it\/de\/wp-json\/wp\/v2\/product_cat?post=4453"},{"taxonomy":"product_tag","embeddable":true,"href":"https:\/\/www.atassrl.it\/de\/wp-json\/wp\/v2\/product_tag?post=4453"}],"curies":[{"name":"wp","href":"https:\/\/api.w.org\/{rel}","templated":true}]}}