{"id":4454,"date":"2019-07-11T16:13:03","date_gmt":"2019-07-11T14:13:03","guid":{"rendered":"http:\/\/atas.devsrvr.net\/prodotto\/detap-ign\/"},"modified":"2022-08-02T10:01:08","modified_gmt":"2022-08-02T08:01:08","slug":"detap-ign","status":"publish","type":"product","link":"https:\/\/www.atassrl.it\/de\/produkt\/detap-ign\/","title":{"rendered":"DETAP IGN"},"content":{"rendered":"<p style=\"font-weight: 400;\">Es reinigt, belebt, desinfiziert und parf\u00fcmiert Stoff- und Teppichinnenr\u00e4ume und sorgt so f\u00fcr ein hohes Ma\u00df an Hygiene und Frische, das mehrere Tage anh\u00e4lt. Mit reduzierter Schaumkraft ist es sowohl f\u00fcr Absaugger\u00e4te als auch Handspr\u00fchger\u00e4te geeignet. Bei manueller Anwendung Schmutz mit einem Schwamm entfernen und die Oberfl\u00e4che mit Kunstleder abreiben.<\/p>\n","protected":false},"excerpt":{"rendered":"<div><span lang=\"DE\">DESINFEKTIONSMITTEL F\u00dcR STOFFINNEN<\/span><\/div>\n","protected":false},"featured_media":4037,"template":"","meta":{"_acf_changed":false,"_seopress_robots_primary_cat":"","_seopress_titles_title":"","_seopress_titles_desc":"","_seopress_robots_index":"","_seopress_analysis_target_kw":""},"product_brand":[],"product_cat":[327,725,274],"product_tag":[],"class_list":{"0":"post-4454","1":"product","2":"type-product","3":"status-publish","4":"has-post-thumbnail","6":"product_cat-auto-innenausstattung-de","7":"product_cat-innenreiniger","8":"product_cat-linea-atasdet-de","10":"first","11":"instock","12":"shipping-taxable","13":"product-type-variable"},"acf":[],"_links":{"self":[{"href":"https:\/\/www.atassrl.it\/de\/wp-json\/wp\/v2\/product\/4454","targetHints":{"allow":["GET"]}}],"collection":[{"href":"https:\/\/www.atassrl.it\/de\/wp-json\/wp\/v2\/product"}],"about":[{"href":"https:\/\/www.atassrl.it\/de\/wp-json\/wp\/v2\/types\/product"}],"wp:featuredmedia":[{"embeddable":true,"href":"https:\/\/www.atassrl.it\/de\/wp-json\/wp\/v2\/media\/4037"}],"wp:attachment":[{"href":"https:\/\/www.atassrl.it\/de\/wp-json\/wp\/v2\/media?parent=4454"}],"wp:term":[{"taxonomy":"product_brand","embeddable":true,"href":"https:\/\/www.atassrl.it\/de\/wp-json\/wp\/v2\/product_brand?post=4454"},{"taxonomy":"product_cat","embeddable":true,"href":"https:\/\/www.atassrl.it\/de\/wp-json\/wp\/v2\/product_cat?post=4454"},{"taxonomy":"product_tag","embeddable":true,"href":"https:\/\/www.atassrl.it\/de\/wp-json\/wp\/v2\/product_tag?post=4454"}],"curies":[{"name":"wp","href":"https:\/\/api.w.org\/{rel}","templated":true}]}}