{"id":4457,"date":"2019-07-11T16:15:25","date_gmt":"2019-07-11T14:15:25","guid":{"rendered":"http:\/\/atas.devsrvr.net\/prodotto\/deopar-2\/"},"modified":"2022-08-03T15:37:44","modified_gmt":"2022-08-03T13:37:44","slug":"deopar-2","status":"publish","type":"product","link":"https:\/\/www.atassrl.it\/de\/produkt\/deopar-2\/","title":{"rendered":"DEOPAR"},"content":{"rendered":"<p style=\"font-weight: 400;\">Formuliert mit desinfizierender Wirkung, angereichert mit besonderen Duftessenzen mit hoher Persistenz. Geeignet zum Desinfizieren und Parf\u00fcmieren des Innenraums von Autos und Umgebungen im Allgemeinen, wie Badezimmer, Hotelzimmer, B\u00fcros, Besprechungsr\u00e4ume usw. Es kann sowohl manuell mit Ausl\u00f6ser als auch mit speziellen Selbstbedienungsger\u00e4ten verwendet werden. Erh\u00e4ltlich in verschiedenen D\u00fcften.<\/p>\n","protected":false},"excerpt":{"rendered":"<div><span lang=\"DE\">DESINFIZIERENDES DEODORANT<\/span><\/div>\n","protected":false},"featured_media":4033,"template":"","meta":{"_acf_changed":false,"_seopress_robots_primary_cat":"","_seopress_titles_title":"","_seopress_titles_desc":"","_seopress_robots_index":"","_seopress_analysis_target_kw":""},"product_brand":[],"product_cat":[845],"product_tag":[],"class_list":{"0":"post-4457","1":"product","2":"type-product","3":"status-publish","4":"has-post-thumbnail","6":"product_cat-parfuem-diffusor","8":"first","9":"instock","10":"shipping-taxable","11":"product-type-variable"},"acf":[],"_links":{"self":[{"href":"https:\/\/www.atassrl.it\/de\/wp-json\/wp\/v2\/product\/4457","targetHints":{"allow":["GET"]}}],"collection":[{"href":"https:\/\/www.atassrl.it\/de\/wp-json\/wp\/v2\/product"}],"about":[{"href":"https:\/\/www.atassrl.it\/de\/wp-json\/wp\/v2\/types\/product"}],"wp:featuredmedia":[{"embeddable":true,"href":"https:\/\/www.atassrl.it\/de\/wp-json\/wp\/v2\/media\/4033"}],"wp:attachment":[{"href":"https:\/\/www.atassrl.it\/de\/wp-json\/wp\/v2\/media?parent=4457"}],"wp:term":[{"taxonomy":"product_brand","embeddable":true,"href":"https:\/\/www.atassrl.it\/de\/wp-json\/wp\/v2\/product_brand?post=4457"},{"taxonomy":"product_cat","embeddable":true,"href":"https:\/\/www.atassrl.it\/de\/wp-json\/wp\/v2\/product_cat?post=4457"},{"taxonomy":"product_tag","embeddable":true,"href":"https:\/\/www.atassrl.it\/de\/wp-json\/wp\/v2\/product_tag?post=4457"}],"curies":[{"name":"wp","href":"https:\/\/api.w.org\/{rel}","templated":true}]}}