{"id":4461,"date":"2019-07-11T16:17:34","date_gmt":"2019-07-11T14:17:34","guid":{"rendered":"http:\/\/atas.devsrvr.net\/prodotto\/deore-2\/"},"modified":"2022-08-03T15:36:21","modified_gmt":"2022-08-03T13:36:21","slug":"deore-2","status":"publish","type":"product","link":"https:\/\/www.atassrl.it\/de\/produkt\/deore-2\/","title":{"rendered":"DEOR\u00c8"},"content":{"rendered":"<p style=\"font-weight: 400;\">Lang anhaltendes konzentriertes Deodorant, geeignet f\u00fcr Fahrzeuge, Wohnungen, B\u00fcros. Das Produkt sollte in kleinen Dosen auf Teppiche, Polster und in die Ecken von Badezimmern, B\u00fcros und Umgebungen im Allgemeinen gespr\u00fcht werden.<\/p>\n","protected":false},"excerpt":{"rendered":"<div><span lang=\"DE\">KONZENTRIERTES DESINFEKTIONS-DEOAMBIENTI<\/span><\/div>\n","protected":false},"featured_media":4034,"template":"","meta":{"_acf_changed":false,"_seopress_robots_primary_cat":"","_seopress_titles_title":"","_seopress_titles_desc":"","_seopress_robots_index":"","_seopress_analysis_target_kw":""},"product_brand":[],"product_cat":[327,274,845],"product_tag":[],"class_list":{"0":"post-4461","1":"product","2":"type-product","3":"status-publish","4":"has-post-thumbnail","6":"product_cat-auto-innenausstattung-de","7":"product_cat-linea-atasdet-de","8":"product_cat-parfuem-diffusor","10":"first","11":"instock","12":"shipping-taxable","13":"product-type-variable"},"acf":[],"_links":{"self":[{"href":"https:\/\/www.atassrl.it\/de\/wp-json\/wp\/v2\/product\/4461","targetHints":{"allow":["GET"]}}],"collection":[{"href":"https:\/\/www.atassrl.it\/de\/wp-json\/wp\/v2\/product"}],"about":[{"href":"https:\/\/www.atassrl.it\/de\/wp-json\/wp\/v2\/types\/product"}],"wp:featuredmedia":[{"embeddable":true,"href":"https:\/\/www.atassrl.it\/de\/wp-json\/wp\/v2\/media\/4034"}],"wp:attachment":[{"href":"https:\/\/www.atassrl.it\/de\/wp-json\/wp\/v2\/media?parent=4461"}],"wp:term":[{"taxonomy":"product_brand","embeddable":true,"href":"https:\/\/www.atassrl.it\/de\/wp-json\/wp\/v2\/product_brand?post=4461"},{"taxonomy":"product_cat","embeddable":true,"href":"https:\/\/www.atassrl.it\/de\/wp-json\/wp\/v2\/product_cat?post=4461"},{"taxonomy":"product_tag","embeddable":true,"href":"https:\/\/www.atassrl.it\/de\/wp-json\/wp\/v2\/product_tag?post=4461"}],"curies":[{"name":"wp","href":"https:\/\/api.w.org\/{rel}","templated":true}]}}