{"id":4464,"date":"2019-07-11T16:20:04","date_gmt":"2019-07-11T14:20:04","guid":{"rendered":"http:\/\/atas.devsrvr.net\/prodotto\/vinet-3\/"},"modified":"2022-08-02T10:02:35","modified_gmt":"2022-08-02T08:02:35","slug":"vinet-3","status":"publish","type":"product","link":"https:\/\/www.atassrl.it\/de\/produkt\/vinet-3\/","title":{"rendered":"VINET"},"content":{"rendered":"<p style=\"font-weight: 400;\">Dieses Produkt eignet sich f\u00fcr die unterschiedlichsten Anwendungen in absoluter Sicherheit und ist wirksam bei jeder Art von organischem und anorganischem Schmutz. Dank seiner desinfizierenden Wirkung belebt dieses Produkt die Farben und hinterl\u00e4sst einen angenehmen Duft. Es eignet sich f\u00fcr Autoinnenr\u00e4ume, aber auch f\u00fcr Benzinpumpen und Werkzeugmaschinen, kleine Metallteile, Filter, Hauben, Fu\u00dfb\u00f6den und Oberfl\u00e4chen aus Holz, lackiert, laminiert, Gummi, Linoleum, Vinylleder usw.<\/p>\n","protected":false},"excerpt":{"rendered":"<div><span lang=\"DE\">FL\u00dcSSIGMEHRZWECKWASCHMITTEL<\/span><\/div>\n","protected":false},"featured_media":4178,"template":"","meta":{"_acf_changed":false,"_seopress_robots_primary_cat":"","_seopress_titles_title":"","_seopress_titles_desc":"","_seopress_robots_index":"","_seopress_analysis_target_kw":""},"product_brand":[],"product_cat":[723,327,725,274],"product_tag":[],"class_list":{"0":"post-4464","1":"product","2":"type-product","3":"status-publish","4":"has-post-thumbnail","6":"product_cat-ausenreiniger","7":"product_cat-auto-innenausstattung-de","8":"product_cat-innenreiniger","9":"product_cat-linea-atasdet-de","11":"first","12":"instock","13":"shipping-taxable","14":"product-type-variable"},"acf":[],"_links":{"self":[{"href":"https:\/\/www.atassrl.it\/de\/wp-json\/wp\/v2\/product\/4464","targetHints":{"allow":["GET"]}}],"collection":[{"href":"https:\/\/www.atassrl.it\/de\/wp-json\/wp\/v2\/product"}],"about":[{"href":"https:\/\/www.atassrl.it\/de\/wp-json\/wp\/v2\/types\/product"}],"wp:featuredmedia":[{"embeddable":true,"href":"https:\/\/www.atassrl.it\/de\/wp-json\/wp\/v2\/media\/4178"}],"wp:attachment":[{"href":"https:\/\/www.atassrl.it\/de\/wp-json\/wp\/v2\/media?parent=4464"}],"wp:term":[{"taxonomy":"product_brand","embeddable":true,"href":"https:\/\/www.atassrl.it\/de\/wp-json\/wp\/v2\/product_brand?post=4464"},{"taxonomy":"product_cat","embeddable":true,"href":"https:\/\/www.atassrl.it\/de\/wp-json\/wp\/v2\/product_cat?post=4464"},{"taxonomy":"product_tag","embeddable":true,"href":"https:\/\/www.atassrl.it\/de\/wp-json\/wp\/v2\/product_tag?post=4464"}],"curies":[{"name":"wp","href":"https:\/\/api.w.org\/{rel}","templated":true}]}}