{"id":4468,"date":"2019-07-11T16:22:25","date_gmt":"2019-07-11T14:22:25","guid":{"rendered":"http:\/\/atas.devsrvr.net\/prodotto\/pluri-2\/"},"modified":"2022-08-02T10:03:58","modified_gmt":"2022-08-02T08:03:58","slug":"pluri-2","status":"publish","type":"product","link":"https:\/\/www.atassrl.it\/de\/produkt\/pluri-2\/","title":{"rendered":"PLURI"},"content":{"rendered":"<p style=\"font-weight: 400;\">Hochkonzentriertes alkalisches Reinigungsmittel, geeignet zum Reinigen und Entfetten von harten Oberfl\u00e4chen im Allgemeinen. Es entfernt effektiv und gr\u00fcndlich \u00d6lr\u00fcckst\u00e4nde, Schlamm, Ru\u00df, Smog und Kraftstoffr\u00fcckst\u00e4nde. Es kann f\u00fcr Fu\u00dfb\u00f6den, mechanische Teile, Werkzeuge, Dunstabzugshauben und Filter, Innen- und Au\u00dfenbereiche von Autos, Felgen, Gartenm\u00f6bel, Rolll\u00e4den usw. verwendet werden.<\/p>\n","protected":false},"excerpt":{"rendered":"<div><span lang=\"DE\">STARKER ENTFETTER<\/span><\/div>\n","protected":false},"featured_media":4133,"template":"","meta":{"_acf_changed":false,"_seopress_robots_primary_cat":"","_seopress_titles_title":"","_seopress_titles_desc":"","_seopress_robots_index":"","_seopress_analysis_target_kw":""},"product_brand":[],"product_cat":[327,274,841],"product_tag":[741],"class_list":{"0":"post-4468","1":"product","2":"type-product","3":"status-publish","4":"has-post-thumbnail","6":"product_cat-auto-innenausstattung-de","7":"product_cat-linea-atasdet-de","8":"product_cat-produkte-fuer-karosseriewerkstaetten","9":"product_tag-ausenpflege","11":"first","12":"instock","13":"shipping-taxable","14":"product-type-variable"},"acf":[],"_links":{"self":[{"href":"https:\/\/www.atassrl.it\/de\/wp-json\/wp\/v2\/product\/4468","targetHints":{"allow":["GET"]}}],"collection":[{"href":"https:\/\/www.atassrl.it\/de\/wp-json\/wp\/v2\/product"}],"about":[{"href":"https:\/\/www.atassrl.it\/de\/wp-json\/wp\/v2\/types\/product"}],"wp:featuredmedia":[{"embeddable":true,"href":"https:\/\/www.atassrl.it\/de\/wp-json\/wp\/v2\/media\/4133"}],"wp:attachment":[{"href":"https:\/\/www.atassrl.it\/de\/wp-json\/wp\/v2\/media?parent=4468"}],"wp:term":[{"taxonomy":"product_brand","embeddable":true,"href":"https:\/\/www.atassrl.it\/de\/wp-json\/wp\/v2\/product_brand?post=4468"},{"taxonomy":"product_cat","embeddable":true,"href":"https:\/\/www.atassrl.it\/de\/wp-json\/wp\/v2\/product_cat?post=4468"},{"taxonomy":"product_tag","embeddable":true,"href":"https:\/\/www.atassrl.it\/de\/wp-json\/wp\/v2\/product_tag?post=4468"}],"curies":[{"name":"wp","href":"https:\/\/api.w.org\/{rel}","templated":true}]}}