{"id":4474,"date":"2019-07-11T16:30:59","date_gmt":"2019-07-11T14:30:59","guid":{"rendered":"http:\/\/atas.devsrvr.net\/prodotto\/pneubell-tp\/"},"modified":"2022-08-02T10:24:17","modified_gmt":"2022-08-02T08:24:17","slug":"pneubell-tp","status":"publish","type":"product","link":"https:\/\/www.atassrl.it\/de\/produkt\/pneubell-tp\/","title":{"rendered":"PNEUBELL TP"},"content":{"rendered":"<p style=\"font-weight: 400;\">Seine hohe Schutzwirkung verhindert Rissbildung und bringt den urspr\u00fcnglichen Glanz auf Reifen und Gummis zur\u00fcck und verl\u00e4ngert deren Lebensdauer. Selbsttrocknend, nicht fettend und nicht schmutzig.<\/p>\n","protected":false},"excerpt":{"rendered":"<div><span lang=\"DE\">KLASSISCHER REIFENGLANZ<\/span><\/div>\n","protected":false},"featured_media":4137,"template":"","meta":{"_acf_changed":false,"_seopress_robots_primary_cat":"","_seopress_titles_title":"","_seopress_titles_desc":"","_seopress_robots_index":"","_seopress_analysis_target_kw":""},"product_brand":[],"product_cat":[274,729,410],"product_tag":[],"class_list":{"0":"post-4474","1":"product","2":"type-product","3":"status-publish","4":"has-post-thumbnail","6":"product_cat-linea-atasdet-de","7":"product_cat-reifen-und-rader","8":"product_cat-reifen-improver","10":"first","11":"instock","12":"shipping-taxable","13":"product-type-variable"},"acf":[],"_links":{"self":[{"href":"https:\/\/www.atassrl.it\/de\/wp-json\/wp\/v2\/product\/4474","targetHints":{"allow":["GET"]}}],"collection":[{"href":"https:\/\/www.atassrl.it\/de\/wp-json\/wp\/v2\/product"}],"about":[{"href":"https:\/\/www.atassrl.it\/de\/wp-json\/wp\/v2\/types\/product"}],"wp:featuredmedia":[{"embeddable":true,"href":"https:\/\/www.atassrl.it\/de\/wp-json\/wp\/v2\/media\/4137"}],"wp:attachment":[{"href":"https:\/\/www.atassrl.it\/de\/wp-json\/wp\/v2\/media?parent=4474"}],"wp:term":[{"taxonomy":"product_brand","embeddable":true,"href":"https:\/\/www.atassrl.it\/de\/wp-json\/wp\/v2\/product_brand?post=4474"},{"taxonomy":"product_cat","embeddable":true,"href":"https:\/\/www.atassrl.it\/de\/wp-json\/wp\/v2\/product_cat?post=4474"},{"taxonomy":"product_tag","embeddable":true,"href":"https:\/\/www.atassrl.it\/de\/wp-json\/wp\/v2\/product_tag?post=4474"}],"curies":[{"name":"wp","href":"https:\/\/api.w.org\/{rel}","templated":true}]}}