{"id":4482,"date":"2019-07-11T16:37:05","date_gmt":"2019-07-11T14:37:05","guid":{"rendered":"http:\/\/atas.devsrvr.net\/prodotto\/pneubell-mc\/"},"modified":"2022-08-02T10:28:35","modified_gmt":"2022-08-02T08:28:35","slug":"pneubell-mc","status":"publish","type":"product","link":"https:\/\/www.atassrl.it\/de\/produkt\/pneubell-mc\/","title":{"rendered":"PNEUBELL MC"},"content":{"rendered":"<p style=\"font-weight: 400;\">Es erneuert und belebt Reifen und Gummiteile ohne Polieren und sch\u00fctzt sie vor Sonnenrissen und Verschlei\u00df im Laufe der Zeit. Einfach aufzutragen, nicht fettend, vollst\u00e4ndig trocken und nicht schmutzig.<\/p>\n","protected":false},"excerpt":{"rendered":"<div><span lang=\"DE\">REIFENGLANZ<\/span><\/div>\n","protected":false},"featured_media":4135,"template":"","meta":{"_acf_changed":false,"_seopress_robots_primary_cat":"","_seopress_titles_title":"","_seopress_titles_desc":"","_seopress_robots_index":"","_seopress_analysis_target_kw":""},"product_brand":[],"product_cat":[274,729,410],"product_tag":[],"class_list":{"0":"post-4482","1":"product","2":"type-product","3":"status-publish","4":"has-post-thumbnail","6":"product_cat-linea-atasdet-de","7":"product_cat-reifen-und-rader","8":"product_cat-reifen-improver","10":"first","11":"instock","12":"shipping-taxable","13":"product-type-variable"},"acf":[],"_links":{"self":[{"href":"https:\/\/www.atassrl.it\/de\/wp-json\/wp\/v2\/product\/4482","targetHints":{"allow":["GET"]}}],"collection":[{"href":"https:\/\/www.atassrl.it\/de\/wp-json\/wp\/v2\/product"}],"about":[{"href":"https:\/\/www.atassrl.it\/de\/wp-json\/wp\/v2\/types\/product"}],"wp:featuredmedia":[{"embeddable":true,"href":"https:\/\/www.atassrl.it\/de\/wp-json\/wp\/v2\/media\/4135"}],"wp:attachment":[{"href":"https:\/\/www.atassrl.it\/de\/wp-json\/wp\/v2\/media?parent=4482"}],"wp:term":[{"taxonomy":"product_brand","embeddable":true,"href":"https:\/\/www.atassrl.it\/de\/wp-json\/wp\/v2\/product_brand?post=4482"},{"taxonomy":"product_cat","embeddable":true,"href":"https:\/\/www.atassrl.it\/de\/wp-json\/wp\/v2\/product_cat?post=4482"},{"taxonomy":"product_tag","embeddable":true,"href":"https:\/\/www.atassrl.it\/de\/wp-json\/wp\/v2\/product_tag?post=4482"}],"curies":[{"name":"wp","href":"https:\/\/api.w.org\/{rel}","templated":true}]}}