{"id":4491,"date":"2019-07-11T16:45:34","date_gmt":"2019-07-11T14:45:34","guid":{"rendered":"http:\/\/atas.devsrvr.net\/prodotto\/daller\/"},"modified":"2022-08-02T10:46:35","modified_gmt":"2022-08-02T08:46:35","slug":"daller","status":"publish","type":"product","link":"https:\/\/www.atassrl.it\/de\/produkt\/daller\/","title":{"rendered":"DALLER"},"content":{"rendered":"<p style=\"font-weight: 400;\">Konzentriertes alkalisches Reinigungsmittel, geeignet f\u00fcr die Reinigung selbst lackierter Felgen. Es l\u00f6st Bremsstaub schnell auf und beseitigt jegliche oberfl\u00e4chliche Oxidation, wodurch die Oberfl\u00e4chen sauber und gl\u00e4nzend bleiben. Wenn ein l\u00e4ngerer Kontakt vermieden wird, kann es auch zur Reinigung von Aluminiumteilen und Tanks verwendet werden.<\/p>\n","protected":false},"excerpt":{"rendered":"<div><span lang=\"DE\">ALKALISCHES FELGENWASCHMITTEL<\/span><\/div>\n","protected":false},"featured_media":4023,"template":"","meta":{"_acf_changed":false,"_seopress_robots_primary_cat":"","_seopress_titles_title":"","_seopress_titles_desc":"","_seopress_robots_index":"","_seopress_analysis_target_kw":""},"product_brand":[],"product_cat":[404,274],"product_tag":[],"class_list":{"0":"post-4491","1":"product","2":"type-product","3":"status-publish","4":"has-post-thumbnail","6":"product_cat-felgenwaschmittel","7":"product_cat-linea-atasdet-de","9":"first","10":"instock","11":"shipping-taxable","12":"product-type-variable"},"acf":[],"_links":{"self":[{"href":"https:\/\/www.atassrl.it\/de\/wp-json\/wp\/v2\/product\/4491","targetHints":{"allow":["GET"]}}],"collection":[{"href":"https:\/\/www.atassrl.it\/de\/wp-json\/wp\/v2\/product"}],"about":[{"href":"https:\/\/www.atassrl.it\/de\/wp-json\/wp\/v2\/types\/product"}],"wp:featuredmedia":[{"embeddable":true,"href":"https:\/\/www.atassrl.it\/de\/wp-json\/wp\/v2\/media\/4023"}],"wp:attachment":[{"href":"https:\/\/www.atassrl.it\/de\/wp-json\/wp\/v2\/media?parent=4491"}],"wp:term":[{"taxonomy":"product_brand","embeddable":true,"href":"https:\/\/www.atassrl.it\/de\/wp-json\/wp\/v2\/product_brand?post=4491"},{"taxonomy":"product_cat","embeddable":true,"href":"https:\/\/www.atassrl.it\/de\/wp-json\/wp\/v2\/product_cat?post=4491"},{"taxonomy":"product_tag","embeddable":true,"href":"https:\/\/www.atassrl.it\/de\/wp-json\/wp\/v2\/product_tag?post=4491"}],"curies":[{"name":"wp","href":"https:\/\/api.w.org\/{rel}","templated":true}]}}