{"id":4495,"date":"2019-07-11T16:48:00","date_gmt":"2019-07-11T14:48:00","guid":{"rendered":"http:\/\/atas.devsrvr.net\/prodotto\/lacer-2\/"},"modified":"2022-08-02T10:49:00","modified_gmt":"2022-08-02T08:49:00","slug":"lacer-2","status":"publish","type":"product","link":"https:\/\/www.atassrl.it\/de\/produkt\/lacer-2\/","title":{"rendered":"LACER"},"content":{"rendered":"<p style=\"font-weight: 400;\">Stark benetzendes und eindringendes alkalisches Reinigungsmittel, das das Oxid und die Schmutzpatina der Bremsbel\u00e4ge von jeder Art von Felge l\u00f6st, ohne zu schw\u00e4mmen. Sicher, hinterl\u00e4sst keine Flecken und besch\u00e4digt keine Lacke und verschiedene Behandlungen. Auch in der &#8222;VR&#8220;-Version mit weniger Aktivit\u00e4t erh\u00e4ltlich.<\/p>\n","protected":false},"excerpt":{"rendered":"<div><span lang=\"EN-GB\">ALKALINES FELGENWASCHMITTEL<\/span><\/div>\n","protected":false},"featured_media":4108,"template":"","meta":{"_acf_changed":false,"_seopress_robots_primary_cat":"","_seopress_titles_title":"","_seopress_titles_desc":"","_seopress_robots_index":"","_seopress_analysis_target_kw":""},"product_brand":[],"product_cat":[404,274,729],"product_tag":[],"class_list":{"0":"post-4495","1":"product","2":"type-product","3":"status-publish","4":"has-post-thumbnail","6":"product_cat-felgenwaschmittel","7":"product_cat-linea-atasdet-de","8":"product_cat-reifen-und-rader","10":"first","11":"instock","12":"shipping-taxable","13":"product-type-variable"},"acf":[],"_links":{"self":[{"href":"https:\/\/www.atassrl.it\/de\/wp-json\/wp\/v2\/product\/4495","targetHints":{"allow":["GET"]}}],"collection":[{"href":"https:\/\/www.atassrl.it\/de\/wp-json\/wp\/v2\/product"}],"about":[{"href":"https:\/\/www.atassrl.it\/de\/wp-json\/wp\/v2\/types\/product"}],"wp:featuredmedia":[{"embeddable":true,"href":"https:\/\/www.atassrl.it\/de\/wp-json\/wp\/v2\/media\/4108"}],"wp:attachment":[{"href":"https:\/\/www.atassrl.it\/de\/wp-json\/wp\/v2\/media?parent=4495"}],"wp:term":[{"taxonomy":"product_brand","embeddable":true,"href":"https:\/\/www.atassrl.it\/de\/wp-json\/wp\/v2\/product_brand?post=4495"},{"taxonomy":"product_cat","embeddable":true,"href":"https:\/\/www.atassrl.it\/de\/wp-json\/wp\/v2\/product_cat?post=4495"},{"taxonomy":"product_tag","embeddable":true,"href":"https:\/\/www.atassrl.it\/de\/wp-json\/wp\/v2\/product_tag?post=4495"}],"curies":[{"name":"wp","href":"https:\/\/api.w.org\/{rel}","templated":true}]}}