{"id":4507,"date":"2019-07-11T16:56:29","date_gmt":"2019-07-11T14:56:29","guid":{"rendered":"http:\/\/atas.devsrvr.net\/prodotto\/a-s-t-1511\/"},"modified":"2022-08-03T10:29:54","modified_gmt":"2022-08-03T08:29:54","slug":"a-s-t-1511","status":"publish","type":"product","link":"https:\/\/www.atassrl.it\/de\/produkt\/a-s-t-1511\/","title":{"rendered":"A.S.T. 1511"},"content":{"rendered":"<p style=\"font-weight: 400;\">Reich an speziellen biologisch abbaubaren Emulgatoren, sorgt es f\u00fcr eine vollst\u00e4ndige Entfernung von Paraffinwachsen ohne R\u00fcckst\u00e4nde zu hinterlassen. F\u00fcr jeden Autotyp geeignet, greift Kunststoffe und Gummi nicht an. Manuell mit Handschuh oder Schwamm zu verwenden. Nach dem Auftragen einige Minuten einwirken lassen. Geruchloses Produkt. F\u00fcr Schlichtoperationen steht die Version \u201eAST RFN\u201c zur Verf\u00fcgung.<\/p>\n","protected":false},"excerpt":{"rendered":"<div><span lang=\"DE\">ENTWACHSMITTEL F\u00dcR PARAFFINISCHEN SCHUTZFILM<\/span><\/div>\n","protected":false},"featured_media":4001,"template":"","meta":{"_acf_changed":false,"_seopress_robots_primary_cat":"","_seopress_titles_title":"","_seopress_titles_desc":"","_seopress_robots_index":"","_seopress_analysis_target_kw":""},"product_brand":[],"product_cat":[297,274],"product_tag":[],"class_list":{"0":"post-4507","1":"product","2":"type-product","3":"status-publish","4":"has-post-thumbnail","6":"product_cat-entwachsungsmittel","7":"product_cat-linea-atasdet-de","9":"first","10":"instock","11":"shipping-taxable","12":"product-type-variable"},"acf":[],"_links":{"self":[{"href":"https:\/\/www.atassrl.it\/de\/wp-json\/wp\/v2\/product\/4507","targetHints":{"allow":["GET"]}}],"collection":[{"href":"https:\/\/www.atassrl.it\/de\/wp-json\/wp\/v2\/product"}],"about":[{"href":"https:\/\/www.atassrl.it\/de\/wp-json\/wp\/v2\/types\/product"}],"wp:featuredmedia":[{"embeddable":true,"href":"https:\/\/www.atassrl.it\/de\/wp-json\/wp\/v2\/media\/4001"}],"wp:attachment":[{"href":"https:\/\/www.atassrl.it\/de\/wp-json\/wp\/v2\/media?parent=4507"}],"wp:term":[{"taxonomy":"product_brand","embeddable":true,"href":"https:\/\/www.atassrl.it\/de\/wp-json\/wp\/v2\/product_brand?post=4507"},{"taxonomy":"product_cat","embeddable":true,"href":"https:\/\/www.atassrl.it\/de\/wp-json\/wp\/v2\/product_cat?post=4507"},{"taxonomy":"product_tag","embeddable":true,"href":"https:\/\/www.atassrl.it\/de\/wp-json\/wp\/v2\/product_tag?post=4507"}],"curies":[{"name":"wp","href":"https:\/\/api.w.org\/{rel}","templated":true}]}}