{"id":4511,"date":"2019-07-11T17:01:01","date_gmt":"2019-07-11T15:01:01","guid":{"rendered":"http:\/\/atas.devsrvr.net\/prodotto\/a-s-t-1521\/"},"modified":"2022-08-03T10:32:02","modified_gmt":"2022-08-03T08:32:02","slug":"a-s-t-1521","status":"publish","type":"product","link":"https:\/\/www.atassrl.it\/de\/produkt\/a-s-t-1521\/","title":{"rendered":"A.S.T. 1521"},"content":{"rendered":"<p style=\"font-weight: 400;\">Schnell und effektiv, mit einem Hochtemperatur-Hochdruckreiniger zu verwenden, l\u00f6st es Schutzparaffine (gekennzeichnet durch ihre gelbliche Farbe und m\u00e4\u00dfige H\u00e4rte) von Autos auch bei l\u00e4ngerer Lagerung. Es ver\u00e4ndert Kunststoffteile nicht und hinterl\u00e4sst die Lacke gl\u00e4nzend und r\u00fcckstandsfrei. Geruchloses Produkt, das so wie es ist zu verwenden ist. Bei sehr dicken Filmen den Vorgang wiederholen.<\/p>\n","protected":false},"excerpt":{"rendered":"<div><span lang=\"DE\">DAMPFENTWACHSER F\u00dcR PARAFFINSCHUTZFILM<\/span><\/div>\n","protected":false},"featured_media":4002,"template":"","meta":{"_acf_changed":false,"_seopress_robots_primary_cat":"","_seopress_titles_title":"","_seopress_titles_desc":"","_seopress_robots_index":"","_seopress_analysis_target_kw":""},"product_brand":[],"product_cat":[297,274],"product_tag":[],"class_list":{"0":"post-4511","1":"product","2":"type-product","3":"status-publish","4":"has-post-thumbnail","6":"product_cat-entwachsungsmittel","7":"product_cat-linea-atasdet-de","9":"first","10":"instock","11":"shipping-taxable","12":"product-type-variable"},"acf":[],"_links":{"self":[{"href":"https:\/\/www.atassrl.it\/de\/wp-json\/wp\/v2\/product\/4511","targetHints":{"allow":["GET"]}}],"collection":[{"href":"https:\/\/www.atassrl.it\/de\/wp-json\/wp\/v2\/product"}],"about":[{"href":"https:\/\/www.atassrl.it\/de\/wp-json\/wp\/v2\/types\/product"}],"wp:featuredmedia":[{"embeddable":true,"href":"https:\/\/www.atassrl.it\/de\/wp-json\/wp\/v2\/media\/4002"}],"wp:attachment":[{"href":"https:\/\/www.atassrl.it\/de\/wp-json\/wp\/v2\/media?parent=4511"}],"wp:term":[{"taxonomy":"product_brand","embeddable":true,"href":"https:\/\/www.atassrl.it\/de\/wp-json\/wp\/v2\/product_brand?post=4511"},{"taxonomy":"product_cat","embeddable":true,"href":"https:\/\/www.atassrl.it\/de\/wp-json\/wp\/v2\/product_cat?post=4511"},{"taxonomy":"product_tag","embeddable":true,"href":"https:\/\/www.atassrl.it\/de\/wp-json\/wp\/v2\/product_tag?post=4511"}],"curies":[{"name":"wp","href":"https:\/\/api.w.org\/{rel}","templated":true}]}}