{"id":4520,"date":"2019-07-11T17:06:55","date_gmt":"2019-07-11T15:06:55","guid":{"rendered":"http:\/\/atas.devsrvr.net\/prodotto\/a-s-t-1531-super-l-40\/"},"modified":"2022-08-03T10:52:44","modified_gmt":"2022-08-03T08:52:44","slug":"a-s-t-1531-super-l-40","status":"publish","type":"product","link":"https:\/\/www.atassrl.it\/de\/produkt\/a-s-t-1531-super-l-40\/","title":{"rendered":"A.S.T. 1531 SUPER L 40"},"content":{"rendered":"<p style=\"font-weight: 400;\">Spezifisches alkalisches Produkt zur Entfernung des sch\u00fctzenden Acrylfilms (der sich durch ein besonders widerstandsf\u00e4higes glasiges Aussehen auszeichnet) von Neuwagen. Hochkonzentrierte Version, geeignet f\u00fcr Schutzbeschichtungen mit reichlich Harz und f\u00fcr lange Lagerwagen. Es enth\u00e4lt Inhibitoren, die Lacke und Kunststoffe konservieren.<\/p>\n","protected":false},"excerpt":{"rendered":"<div><span lang=\"EN-US\">COPOLYMER-ENTWACHSMITTEL<\/span><\/div>\n","protected":false},"featured_media":4005,"template":"","meta":{"_acf_changed":false,"_seopress_robots_primary_cat":"","_seopress_titles_title":"","_seopress_titles_desc":"","_seopress_robots_index":"","_seopress_analysis_target_kw":""},"product_brand":[],"product_cat":[297,274],"product_tag":[],"class_list":{"0":"post-4520","1":"product","2":"type-product","3":"status-publish","4":"has-post-thumbnail","6":"product_cat-entwachsungsmittel","7":"product_cat-linea-atasdet-de","9":"first","10":"instock","11":"shipping-taxable","12":"product-type-variable"},"acf":[],"_links":{"self":[{"href":"https:\/\/www.atassrl.it\/de\/wp-json\/wp\/v2\/product\/4520","targetHints":{"allow":["GET"]}}],"collection":[{"href":"https:\/\/www.atassrl.it\/de\/wp-json\/wp\/v2\/product"}],"about":[{"href":"https:\/\/www.atassrl.it\/de\/wp-json\/wp\/v2\/types\/product"}],"wp:featuredmedia":[{"embeddable":true,"href":"https:\/\/www.atassrl.it\/de\/wp-json\/wp\/v2\/media\/4005"}],"wp:attachment":[{"href":"https:\/\/www.atassrl.it\/de\/wp-json\/wp\/v2\/media?parent=4520"}],"wp:term":[{"taxonomy":"product_brand","embeddable":true,"href":"https:\/\/www.atassrl.it\/de\/wp-json\/wp\/v2\/product_brand?post=4520"},{"taxonomy":"product_cat","embeddable":true,"href":"https:\/\/www.atassrl.it\/de\/wp-json\/wp\/v2\/product_cat?post=4520"},{"taxonomy":"product_tag","embeddable":true,"href":"https:\/\/www.atassrl.it\/de\/wp-json\/wp\/v2\/product_tag?post=4520"}],"curies":[{"name":"wp","href":"https:\/\/api.w.org\/{rel}","templated":true}]}}