{"id":4525,"date":"2019-07-11T17:14:09","date_gmt":"2019-07-11T15:14:09","guid":{"rendered":"http:\/\/atas.devsrvr.net\/prodotto\/oxycar\/"},"modified":"2022-08-03T10:54:28","modified_gmt":"2022-08-03T08:54:28","slug":"oxycar","status":"publish","type":"product","link":"https:\/\/www.atassrl.it\/de\/produkt\/oxycar\/","title":{"rendered":"OXYCAR"},"content":{"rendered":"<p style=\"font-weight: 400;\">pH-neutrales Spezialprodukt, frei von S\u00e4uren und Laugen, geeignet zum tiefgehenden L\u00f6sen von Eisenoxiden und R\u00fcckst\u00e4nden, die Lack, Alu- und Leichtmetallfelgen sowie Autoglas verunreinigt haben. Besonders geeignet zur Wiederherstellung des urspr\u00fcnglichen Aussehens von Fahrzeugen, die lange Zeit in der N\u00e4he von Gie\u00dfereien und Bahnh\u00f6fen abgestellt wurden, ist es auch eine g\u00fcltige Vorbehandlung f\u00fcr Polierarbeiten. Schnell und sicher, ohne die Gummi- oder Kunststoffteile zu ver\u00e4ndern.<\/p>\n","protected":false},"excerpt":{"rendered":"<p style=\"font-weight: 400;\">DEKONTAMINIERMITTEL F\u00dcR R\u00c4DER UND LACKE<\/p>\n","protected":false},"featured_media":4127,"template":"","meta":{"_acf_changed":false,"_seopress_robots_primary_cat":"","_seopress_titles_title":"","_seopress_titles_desc":"","_seopress_robots_index":"","_seopress_analysis_target_kw":""},"product_brand":[],"product_cat":[274,729,378],"product_tag":[743],"class_list":{"0":"post-4525","1":"product","2":"type-product","3":"status-publish","4":"has-post-thumbnail","6":"product_cat-linea-atasdet-de","7":"product_cat-reifen-und-rader","8":"product_cat-spezifische-verwendungen","9":"product_tag-dekontaminierung","11":"first","12":"instock","13":"shipping-taxable","14":"product-type-variable"},"acf":[],"_links":{"self":[{"href":"https:\/\/www.atassrl.it\/de\/wp-json\/wp\/v2\/product\/4525","targetHints":{"allow":["GET"]}}],"collection":[{"href":"https:\/\/www.atassrl.it\/de\/wp-json\/wp\/v2\/product"}],"about":[{"href":"https:\/\/www.atassrl.it\/de\/wp-json\/wp\/v2\/types\/product"}],"wp:featuredmedia":[{"embeddable":true,"href":"https:\/\/www.atassrl.it\/de\/wp-json\/wp\/v2\/media\/4127"}],"wp:attachment":[{"href":"https:\/\/www.atassrl.it\/de\/wp-json\/wp\/v2\/media?parent=4525"}],"wp:term":[{"taxonomy":"product_brand","embeddable":true,"href":"https:\/\/www.atassrl.it\/de\/wp-json\/wp\/v2\/product_brand?post=4525"},{"taxonomy":"product_cat","embeddable":true,"href":"https:\/\/www.atassrl.it\/de\/wp-json\/wp\/v2\/product_cat?post=4525"},{"taxonomy":"product_tag","embeddable":true,"href":"https:\/\/www.atassrl.it\/de\/wp-json\/wp\/v2\/product_tag?post=4525"}],"curies":[{"name":"wp","href":"https:\/\/api.w.org\/{rel}","templated":true}]}}