{"id":4528,"date":"2019-07-11T17:16:54","date_gmt":"2019-07-11T15:16:54","guid":{"rendered":"http:\/\/atas.devsrvr.net\/prodotto\/decabit-2\/"},"modified":"2022-08-03T10:59:45","modified_gmt":"2022-08-03T08:59:45","slug":"decabit-2","status":"publish","type":"product","link":"https:\/\/www.atassrl.it\/de\/produkt\/decabit-2\/","title":{"rendered":"DECABIT"},"content":{"rendered":"<p style=\"font-weight: 400;\">Spezielle Mischung aus L\u00f6sungsmitteln und Tensiden mit hoher Emulgierkraft, die R\u00fcckst\u00e4nde sowie Teer- und Bitumenflecken von Fahrzeugen im Allgemeinen l\u00f6st und schnell entfernt. Geeignet f\u00fcr die Reinigung von bitumin\u00f6sen Gehwegen, Lastwagen und verschiedenen Ger\u00e4ten. Verwenden Sie es so, wie es ist.<\/p>\n","protected":false},"excerpt":{"rendered":"<div><span lang=\"DE\">TEERENTFERNER<\/span><\/div>\n","protected":false},"featured_media":4025,"template":"","meta":{"_acf_changed":false,"_seopress_robots_primary_cat":"","_seopress_titles_title":"","_seopress_titles_desc":"","_seopress_robots_index":"","_seopress_analysis_target_kw":""},"product_brand":[],"product_cat":[723,274,378],"product_tag":[],"class_list":{"0":"post-4528","1":"product","2":"type-product","3":"status-publish","4":"has-post-thumbnail","6":"product_cat-ausenreiniger","7":"product_cat-linea-atasdet-de","8":"product_cat-spezifische-verwendungen","10":"first","11":"instock","12":"shipping-taxable","13":"product-type-variable"},"acf":[],"_links":{"self":[{"href":"https:\/\/www.atassrl.it\/de\/wp-json\/wp\/v2\/product\/4528","targetHints":{"allow":["GET"]}}],"collection":[{"href":"https:\/\/www.atassrl.it\/de\/wp-json\/wp\/v2\/product"}],"about":[{"href":"https:\/\/www.atassrl.it\/de\/wp-json\/wp\/v2\/types\/product"}],"wp:featuredmedia":[{"embeddable":true,"href":"https:\/\/www.atassrl.it\/de\/wp-json\/wp\/v2\/media\/4025"}],"wp:attachment":[{"href":"https:\/\/www.atassrl.it\/de\/wp-json\/wp\/v2\/media?parent=4528"}],"wp:term":[{"taxonomy":"product_brand","embeddable":true,"href":"https:\/\/www.atassrl.it\/de\/wp-json\/wp\/v2\/product_brand?post=4528"},{"taxonomy":"product_cat","embeddable":true,"href":"https:\/\/www.atassrl.it\/de\/wp-json\/wp\/v2\/product_cat?post=4528"},{"taxonomy":"product_tag","embeddable":true,"href":"https:\/\/www.atassrl.it\/de\/wp-json\/wp\/v2\/product_tag?post=4528"}],"curies":[{"name":"wp","href":"https:\/\/api.w.org\/{rel}","templated":true}]}}