{"id":4531,"date":"2019-07-11T17:21:21","date_gmt":"2019-07-11T15:21:21","guid":{"rendered":"http:\/\/atas.devsrvr.net\/prodotto\/clim-2\/"},"modified":"2022-08-03T11:03:13","modified_gmt":"2022-08-03T09:03:13","slug":"clim-2","status":"publish","type":"product","link":"https:\/\/www.atassrl.it\/de\/produkt\/clim-2\/","title":{"rendered":"CLIM"},"content":{"rendered":"<p style=\"font-weight: 400;\">Aktive L\u00f6sung mit hoher Benetzungskraft, die durch einen weichen Schaum die K\u00fchleinheit und die Kan\u00e4le von Pkw-, Lieferwagen- und Lkw-Klimaanlagen reinigt und desinfiziert. Es beseitigt Schmutz, Smog und Schimmel, die schlechte Ger\u00fcche verursachen, und hinterl\u00e4sst einen angenehmen und anhaltenden Duft. Auch f\u00fcr die Sanierung von Heim- und B\u00fcroklimaanlagen geeignet.<\/p>\n","protected":false},"excerpt":{"rendered":"<div><span lang=\"DE\">DESINFEKTIONSMITTEL F\u00dcR KLIMAANLAGEN<\/span><\/div>\n","protected":false},"featured_media":4103,"template":"","meta":{"_acf_changed":false,"_seopress_robots_primary_cat":"","_seopress_titles_title":"","_seopress_titles_desc":"","_seopress_robots_index":"","_seopress_analysis_target_kw":""},"product_brand":[],"product_cat":[274,378],"product_tag":[],"class_list":{"0":"post-4531","1":"product","2":"type-product","3":"status-publish","4":"has-post-thumbnail","6":"product_cat-linea-atasdet-de","7":"product_cat-spezifische-verwendungen","9":"first","10":"instock","11":"shipping-taxable","12":"product-type-variable"},"acf":[],"_links":{"self":[{"href":"https:\/\/www.atassrl.it\/de\/wp-json\/wp\/v2\/product\/4531","targetHints":{"allow":["GET"]}}],"collection":[{"href":"https:\/\/www.atassrl.it\/de\/wp-json\/wp\/v2\/product"}],"about":[{"href":"https:\/\/www.atassrl.it\/de\/wp-json\/wp\/v2\/types\/product"}],"wp:featuredmedia":[{"embeddable":true,"href":"https:\/\/www.atassrl.it\/de\/wp-json\/wp\/v2\/media\/4103"}],"wp:attachment":[{"href":"https:\/\/www.atassrl.it\/de\/wp-json\/wp\/v2\/media?parent=4531"}],"wp:term":[{"taxonomy":"product_brand","embeddable":true,"href":"https:\/\/www.atassrl.it\/de\/wp-json\/wp\/v2\/product_brand?post=4531"},{"taxonomy":"product_cat","embeddable":true,"href":"https:\/\/www.atassrl.it\/de\/wp-json\/wp\/v2\/product_cat?post=4531"},{"taxonomy":"product_tag","embeddable":true,"href":"https:\/\/www.atassrl.it\/de\/wp-json\/wp\/v2\/product_tag?post=4531"}],"curies":[{"name":"wp","href":"https:\/\/api.w.org\/{rel}","templated":true}]}}