{"id":4534,"date":"2019-07-11T17:25:39","date_gmt":"2019-07-11T15:25:39","guid":{"rendered":"http:\/\/atas.devsrvr.net\/prodotto\/nycar\/"},"modified":"2022-08-03T11:09:50","modified_gmt":"2022-08-03T09:09:50","slug":"nycar","status":"publish","type":"product","link":"https:\/\/www.atassrl.it\/de\/produkt\/nycar\/","title":{"rendered":"NYCAR"},"content":{"rendered":"<p style=\"font-weight: 400;\">Alkalisches Reinigungsmittel speziell zum Reinigen und Entfetten von Nylon-, PVC- und Carlite-Autowaschb\u00fcrsten. Die hohe Benetzungskraft sorgt auch bei hartn\u00e4ckigen Verschmutzungen f\u00fcr hervorragende Ergebnisse. Es ver\u00e4ndert die behandelten Stellen nicht und verursacht keine Schwellungen.<\/p>\n","protected":false},"excerpt":{"rendered":"<div><span lang=\"DE\">REINIGUNGSMITTEL F\u00dcR B\u00dcRSTEN<\/span><\/div>\n","protected":false},"featured_media":4126,"template":"","meta":{"_acf_changed":false,"_seopress_robots_primary_cat":"","_seopress_titles_title":"","_seopress_titles_desc":"","_seopress_robots_index":"","_seopress_analysis_target_kw":""},"product_brand":[],"product_cat":[274,378],"product_tag":[],"class_list":{"0":"post-4534","1":"product","2":"type-product","3":"status-publish","4":"has-post-thumbnail","6":"product_cat-linea-atasdet-de","7":"product_cat-spezifische-verwendungen","9":"first","10":"instock","11":"shipping-taxable","12":"product-type-variable"},"acf":[],"_links":{"self":[{"href":"https:\/\/www.atassrl.it\/de\/wp-json\/wp\/v2\/product\/4534","targetHints":{"allow":["GET"]}}],"collection":[{"href":"https:\/\/www.atassrl.it\/de\/wp-json\/wp\/v2\/product"}],"about":[{"href":"https:\/\/www.atassrl.it\/de\/wp-json\/wp\/v2\/types\/product"}],"wp:featuredmedia":[{"embeddable":true,"href":"https:\/\/www.atassrl.it\/de\/wp-json\/wp\/v2\/media\/4126"}],"wp:attachment":[{"href":"https:\/\/www.atassrl.it\/de\/wp-json\/wp\/v2\/media?parent=4534"}],"wp:term":[{"taxonomy":"product_brand","embeddable":true,"href":"https:\/\/www.atassrl.it\/de\/wp-json\/wp\/v2\/product_brand?post=4534"},{"taxonomy":"product_cat","embeddable":true,"href":"https:\/\/www.atassrl.it\/de\/wp-json\/wp\/v2\/product_cat?post=4534"},{"taxonomy":"product_tag","embeddable":true,"href":"https:\/\/www.atassrl.it\/de\/wp-json\/wp\/v2\/product_tag?post=4534"}],"curies":[{"name":"wp","href":"https:\/\/api.w.org\/{rel}","templated":true}]}}