{"id":4537,"date":"2019-07-11T17:34:07","date_gmt":"2019-07-11T15:34:07","guid":{"rendered":"http:\/\/atas.devsrvr.net\/prodotto\/precal\/"},"modified":"2022-08-03T11:11:24","modified_gmt":"2022-08-03T09:11:24","slug":"precal","status":"publish","type":"product","link":"https:\/\/www.atassrl.it\/de\/produkt\/precal\/","title":{"rendered":"PRECAL"},"content":{"rendered":"<p style=\"font-weight: 400;\">Mischung aus speziellen Komplexbildnern, die, dem Wasser zugesetzt, die Bildung von unl\u00f6slichen Kupfer-, Zink-, Calcium- und Magnesiumsalzen hemmt und so Kalkablagerungen vermeidet. Regelm\u00e4\u00dfig eingesetzt, h\u00e4lt es Filter, D\u00fcsen, W\u00e4rmetauscher, Spulen von Hochdruckreinigern, Waschmaschinen, Geschirrsp\u00fclern usw. in einwandfreiem Zustand. Dosieren Sie das Produkt entsprechend der Wasserh\u00e4rte, wobei zu beachten ist, dass die Dosis von 0,3 Gramm \/ Liter die Wasserh\u00e4rte um etwa 1 \u00b0 F reduziert.<\/p>\n","protected":false},"excerpt":{"rendered":"<div><span lang=\"DE\">ENTKALKER F\u00dcR HOCHDRUCKREINIGER<\/span><\/div>\n","protected":false},"featured_media":4142,"template":"","meta":{"_acf_changed":false,"_seopress_robots_primary_cat":"","_seopress_titles_title":"","_seopress_titles_desc":"","_seopress_robots_index":"","_seopress_analysis_target_kw":""},"product_brand":[],"product_cat":[274,378],"product_tag":[],"class_list":{"0":"post-4537","1":"product","2":"type-product","3":"status-publish","4":"has-post-thumbnail","6":"product_cat-linea-atasdet-de","7":"product_cat-spezifische-verwendungen","9":"first","10":"instock","11":"shipping-taxable","12":"product-type-variable"},"acf":[],"_links":{"self":[{"href":"https:\/\/www.atassrl.it\/de\/wp-json\/wp\/v2\/product\/4537","targetHints":{"allow":["GET"]}}],"collection":[{"href":"https:\/\/www.atassrl.it\/de\/wp-json\/wp\/v2\/product"}],"about":[{"href":"https:\/\/www.atassrl.it\/de\/wp-json\/wp\/v2\/types\/product"}],"wp:featuredmedia":[{"embeddable":true,"href":"https:\/\/www.atassrl.it\/de\/wp-json\/wp\/v2\/media\/4142"}],"wp:attachment":[{"href":"https:\/\/www.atassrl.it\/de\/wp-json\/wp\/v2\/media?parent=4537"}],"wp:term":[{"taxonomy":"product_brand","embeddable":true,"href":"https:\/\/www.atassrl.it\/de\/wp-json\/wp\/v2\/product_brand?post=4537"},{"taxonomy":"product_cat","embeddable":true,"href":"https:\/\/www.atassrl.it\/de\/wp-json\/wp\/v2\/product_cat?post=4537"},{"taxonomy":"product_tag","embeddable":true,"href":"https:\/\/www.atassrl.it\/de\/wp-json\/wp\/v2\/product_tag?post=4537"}],"curies":[{"name":"wp","href":"https:\/\/api.w.org\/{rel}","templated":true}]}}