{"id":4544,"date":"2019-07-15T15:34:17","date_gmt":"2019-07-15T13:34:17","guid":{"rendered":"http:\/\/atas.devsrvr.net\/prodotto\/dal\/"},"modified":"2022-08-03T11:17:34","modified_gmt":"2022-08-03T09:17:34","slug":"dal","status":"publish","type":"product","link":"https:\/\/www.atassrl.it\/de\/produkt\/dal\/","title":{"rendered":"DAL"},"content":{"rendered":"<p style=\"font-weight: 400;\">Schaumarmer Reiniger geeignet zum Reinigen von Stahl-, Messing-, Eisen-, Chrom-Nickel-Teilen. Schwach sauer, entfernt leichte fettige R\u00fcckst\u00e4nde, Fingerabdr\u00fccke und Lichth\u00f6fe und hinterl\u00e4sst gl\u00e4nzende Oberfl\u00e4chen. Es kann manuell mit Zerst\u00e4uber oder Zerst\u00e4uber verwendet werden. Es enth\u00e4lt spezielle Substanzen mit entw\u00e4ssernder Wirkung, die die Trocknung f\u00f6rdern. Verwenden Sie es so, wie es ist.<\/p>\n","protected":false},"excerpt":{"rendered":"<p style=\"font-weight: 400;\">REINIGUNGSMITTEL F\u00dcR STAHLOBERFL\u00c4CHEN<\/p>\n","protected":false},"featured_media":4022,"template":"","meta":{"_acf_changed":false,"_seopress_robots_primary_cat":"","_seopress_titles_title":"","_seopress_titles_desc":"","_seopress_robots_index":"","_seopress_analysis_target_kw":""},"product_brand":[],"product_cat":[274,378],"product_tag":[],"class_list":{"0":"post-4544","1":"product","2":"type-product","3":"status-publish","4":"has-post-thumbnail","6":"product_cat-linea-atasdet-de","7":"product_cat-spezifische-verwendungen","9":"first","10":"instock","11":"shipping-taxable","12":"product-type-variable"},"acf":[],"_links":{"self":[{"href":"https:\/\/www.atassrl.it\/de\/wp-json\/wp\/v2\/product\/4544","targetHints":{"allow":["GET"]}}],"collection":[{"href":"https:\/\/www.atassrl.it\/de\/wp-json\/wp\/v2\/product"}],"about":[{"href":"https:\/\/www.atassrl.it\/de\/wp-json\/wp\/v2\/types\/product"}],"wp:featuredmedia":[{"embeddable":true,"href":"https:\/\/www.atassrl.it\/de\/wp-json\/wp\/v2\/media\/4022"}],"wp:attachment":[{"href":"https:\/\/www.atassrl.it\/de\/wp-json\/wp\/v2\/media?parent=4544"}],"wp:term":[{"taxonomy":"product_brand","embeddable":true,"href":"https:\/\/www.atassrl.it\/de\/wp-json\/wp\/v2\/product_brand?post=4544"},{"taxonomy":"product_cat","embeddable":true,"href":"https:\/\/www.atassrl.it\/de\/wp-json\/wp\/v2\/product_cat?post=4544"},{"taxonomy":"product_tag","embeddable":true,"href":"https:\/\/www.atassrl.it\/de\/wp-json\/wp\/v2\/product_tag?post=4544"}],"curies":[{"name":"wp","href":"https:\/\/api.w.org\/{rel}","templated":true}]}}