{"id":4550,"date":"2019-07-11T17:47:23","date_gmt":"2019-07-11T15:47:23","guid":{"rendered":"http:\/\/atas.devsrvr.net\/prodotto\/vaporex\/"},"modified":"2022-08-03T11:22:11","modified_gmt":"2022-08-03T09:22:11","slug":"vaporex","status":"publish","type":"product","link":"https:\/\/www.atassrl.it\/de\/produkt\/vaporex\/","title":{"rendered":"VAPOREX"},"content":{"rendered":"<p style=\"font-weight: 400;\">Hochl\u00f6slich sorgt es sowohl mit Dampfdruckreinigern als auch in SB-Waschanlagen f\u00fcr hervorragende Waschergebnisse. Reich an Sequestriermitteln, verursacht es auch in Gegenwart von Salzen keine Verkrustungen. Es hinterl\u00e4sst keine R\u00fcckst\u00e4nde und ist auch zum Waschen von schweren Fahrzeugen geeignet. Auch empfohlen f\u00fcr Fu\u00dfb\u00f6den, W\u00e4nde und verschiedene Ger\u00e4te in der Lebensmittelindustrie.<\/p>\n","protected":false},"excerpt":{"rendered":"<div><span lang=\"DE\">PULVERWASCHMITTEL<\/span><\/div>\n","protected":false},"featured_media":4174,"template":"","meta":{"_acf_changed":false,"_seopress_robots_primary_cat":"","_seopress_titles_title":"","_seopress_titles_desc":"","_seopress_robots_index":"","_seopress_analysis_target_kw":""},"product_brand":[],"product_cat":[274,378],"product_tag":[],"class_list":{"0":"post-4550","1":"product","2":"type-product","3":"status-publish","4":"has-post-thumbnail","6":"product_cat-linea-atasdet-de","7":"product_cat-spezifische-verwendungen","9":"first","10":"instock","11":"shipping-taxable","12":"product-type-variable"},"acf":[],"_links":{"self":[{"href":"https:\/\/www.atassrl.it\/de\/wp-json\/wp\/v2\/product\/4550","targetHints":{"allow":["GET"]}}],"collection":[{"href":"https:\/\/www.atassrl.it\/de\/wp-json\/wp\/v2\/product"}],"about":[{"href":"https:\/\/www.atassrl.it\/de\/wp-json\/wp\/v2\/types\/product"}],"wp:featuredmedia":[{"embeddable":true,"href":"https:\/\/www.atassrl.it\/de\/wp-json\/wp\/v2\/media\/4174"}],"wp:attachment":[{"href":"https:\/\/www.atassrl.it\/de\/wp-json\/wp\/v2\/media?parent=4550"}],"wp:term":[{"taxonomy":"product_brand","embeddable":true,"href":"https:\/\/www.atassrl.it\/de\/wp-json\/wp\/v2\/product_brand?post=4550"},{"taxonomy":"product_cat","embeddable":true,"href":"https:\/\/www.atassrl.it\/de\/wp-json\/wp\/v2\/product_cat?post=4550"},{"taxonomy":"product_tag","embeddable":true,"href":"https:\/\/www.atassrl.it\/de\/wp-json\/wp\/v2\/product_tag?post=4550"}],"curies":[{"name":"wp","href":"https:\/\/api.w.org\/{rel}","templated":true}]}}