{"id":4553,"date":"2019-07-11T17:49:46","date_gmt":"2019-07-11T15:49:46","guid":{"rendered":"http:\/\/atas.devsrvr.net\/prodotto\/disser\/"},"modified":"2022-08-03T11:22:56","modified_gmt":"2022-08-03T09:22:56","slug":"disser","status":"publish","type":"product","link":"https:\/\/www.atassrl.it\/de\/produkt\/disser\/","title":{"rendered":"DISSER"},"content":{"rendered":"<p style=\"font-weight: 400;\">Einkomponentiges alkalisches Produkt, besonders wirksam bei Fettr\u00fcckst\u00e4nden, Smog, Blutflecken und organischen R\u00fcckst\u00e4nden im Allgemeinen. Angereichert mit speziellen Substanzen mit desinfizierender Wirkung beseitigt es Ger\u00fcche und hemmt die Bildung von Schimmel. Geeignet zum Reinigen von Pressen, kann es auch zum Reinigen von Abfallbeh\u00e4ltern und Recyclingbeh\u00e4ltern verwendet werden.<\/p>\n","protected":false},"excerpt":{"rendered":"<div><span lang=\"DE\">DESINFEKTIONS-ENTFETTER F\u00dcR M\u00dcLLST\u00c4NDER<\/span><\/div>\n","protected":false},"featured_media":4044,"template":"","meta":{"_acf_changed":false,"_seopress_robots_primary_cat":"","_seopress_titles_title":"","_seopress_titles_desc":"","_seopress_robots_index":"","_seopress_analysis_target_kw":""},"product_brand":[],"product_cat":[251,274,378],"product_tag":[],"class_list":{"0":"post-4553","1":"product","2":"type-product","3":"status-publish","4":"has-post-thumbnail","6":"product_cat-hygienisierende-mittel","7":"product_cat-linea-atasdet-de","8":"product_cat-spezifische-verwendungen","10":"first","11":"instock","12":"shipping-taxable","13":"product-type-variable"},"acf":[],"_links":{"self":[{"href":"https:\/\/www.atassrl.it\/de\/wp-json\/wp\/v2\/product\/4553","targetHints":{"allow":["GET"]}}],"collection":[{"href":"https:\/\/www.atassrl.it\/de\/wp-json\/wp\/v2\/product"}],"about":[{"href":"https:\/\/www.atassrl.it\/de\/wp-json\/wp\/v2\/types\/product"}],"wp:featuredmedia":[{"embeddable":true,"href":"https:\/\/www.atassrl.it\/de\/wp-json\/wp\/v2\/media\/4044"}],"wp:attachment":[{"href":"https:\/\/www.atassrl.it\/de\/wp-json\/wp\/v2\/media?parent=4553"}],"wp:term":[{"taxonomy":"product_brand","embeddable":true,"href":"https:\/\/www.atassrl.it\/de\/wp-json\/wp\/v2\/product_brand?post=4553"},{"taxonomy":"product_cat","embeddable":true,"href":"https:\/\/www.atassrl.it\/de\/wp-json\/wp\/v2\/product_cat?post=4553"},{"taxonomy":"product_tag","embeddable":true,"href":"https:\/\/www.atassrl.it\/de\/wp-json\/wp\/v2\/product_tag?post=4553"}],"curies":[{"name":"wp","href":"https:\/\/api.w.org\/{rel}","templated":true}]}}