{"id":4559,"date":"2019-07-11T17:55:51","date_gmt":"2019-07-11T15:55:51","guid":{"rendered":"http:\/\/atas.devsrvr.net\/prodotto\/scrin\/"},"modified":"2022-08-03T12:38:07","modified_gmt":"2022-08-03T10:38:07","slug":"scrin","status":"publish","type":"product","link":"https:\/\/www.atassrl.it\/de\/produkt\/scrin\/","title":{"rendered":"SCRIN"},"content":{"rendered":"<p style=\"font-weight: 400;\">Spezialcompound mit ausgewogener Rezeptur, l\u00f6st Markertinte von Kunststoff-, Glas- und Formica-Oberfl\u00e4chen. Geeignet f\u00fcr die Innenausstattung von Bussen und Schulbussen. Es entfernt auch Graffiti von Marmor- und Betonoberfl\u00e4chen.<\/p>\n","protected":false},"excerpt":{"rendered":"<div><span lang=\"DE\">REINIGUNGSMITTEL F\u00dcR VANDALISCHE SCHRIFTEN<\/span><\/div>\n","protected":false},"featured_media":4155,"template":"","meta":{"_acf_changed":false,"_seopress_robots_primary_cat":"","_seopress_titles_title":"","_seopress_titles_desc":"","_seopress_robots_index":"","_seopress_analysis_target_kw":""},"product_brand":[],"product_cat":[274,378],"product_tag":[],"class_list":{"0":"post-4559","1":"product","2":"type-product","3":"status-publish","4":"has-post-thumbnail","6":"product_cat-linea-atasdet-de","7":"product_cat-spezifische-verwendungen","9":"first","10":"instock","11":"shipping-taxable","12":"product-type-variable"},"acf":[],"_links":{"self":[{"href":"https:\/\/www.atassrl.it\/de\/wp-json\/wp\/v2\/product\/4559","targetHints":{"allow":["GET"]}}],"collection":[{"href":"https:\/\/www.atassrl.it\/de\/wp-json\/wp\/v2\/product"}],"about":[{"href":"https:\/\/www.atassrl.it\/de\/wp-json\/wp\/v2\/types\/product"}],"wp:featuredmedia":[{"embeddable":true,"href":"https:\/\/www.atassrl.it\/de\/wp-json\/wp\/v2\/media\/4155"}],"wp:attachment":[{"href":"https:\/\/www.atassrl.it\/de\/wp-json\/wp\/v2\/media?parent=4559"}],"wp:term":[{"taxonomy":"product_brand","embeddable":true,"href":"https:\/\/www.atassrl.it\/de\/wp-json\/wp\/v2\/product_brand?post=4559"},{"taxonomy":"product_cat","embeddable":true,"href":"https:\/\/www.atassrl.it\/de\/wp-json\/wp\/v2\/product_cat?post=4559"},{"taxonomy":"product_tag","embeddable":true,"href":"https:\/\/www.atassrl.it\/de\/wp-json\/wp\/v2\/product_tag?post=4559"}],"curies":[{"name":"wp","href":"https:\/\/api.w.org\/{rel}","templated":true}]}}