{"id":4563,"date":"2019-07-12T15:25:35","date_gmt":"2019-07-12T13:25:35","guid":{"rendered":"http:\/\/atas.devsrvr.net\/prodotto\/compat\/"},"modified":"2022-08-03T14:27:18","modified_gmt":"2022-08-03T12:27:18","slug":"compat","status":"publish","type":"product","link":"https:\/\/www.atassrl.it\/de\/produkt\/compat\/","title":{"rendered":"COMPAT"},"content":{"rendered":"<p style=\"font-weight: 400;\">Hochkonzentriertes alkalisches Fl\u00fcssigprodukt, speziell f\u00fcr die Au\u00dfen- und Innenreinigung von Verdichtern. Es beseitigt r\u00fcckstandslos Verschmutzungen organischer und anorganischer Natur wie Fette, Schmier\u00f6le etc. Durch den Einsatz entsprechend ausgestatteter mobiler Einheiten kann es auch zum Waschen von Recyclingbeh\u00e4ltern (Glas, Kunststoff, Aluminium, Str\u00e4ucher) verwendet werden. Mit reduzierter Schaumkraft l\u00e4sst es sich leicht aussp\u00fclen und kann auch mit einem Vernebler verwendet werden.<\/p>\n","protected":false},"excerpt":{"rendered":"<div><span lang=\"DE\">WASCHMITTEL F\u00dcR VERDICHTER<\/span><\/div>\n","protected":false},"featured_media":7673,"template":"","meta":{"_acf_changed":false,"_seopress_robots_primary_cat":"","_seopress_titles_title":"","_seopress_titles_desc":"","_seopress_robots_index":"","_seopress_analysis_target_kw":""},"product_brand":[],"product_cat":[274,400],"product_tag":[],"class_list":{"0":"post-4563","1":"product","2":"type-product","3":"status-publish","4":"has-post-thumbnail","6":"product_cat-linea-atasdet-de","7":"product_cat-tanks-und-kompaktoren","9":"first","10":"instock","11":"shipping-taxable","12":"product-type-variable"},"acf":[],"_links":{"self":[{"href":"https:\/\/www.atassrl.it\/de\/wp-json\/wp\/v2\/product\/4563","targetHints":{"allow":["GET"]}}],"collection":[{"href":"https:\/\/www.atassrl.it\/de\/wp-json\/wp\/v2\/product"}],"about":[{"href":"https:\/\/www.atassrl.it\/de\/wp-json\/wp\/v2\/types\/product"}],"wp:featuredmedia":[{"embeddable":true,"href":"https:\/\/www.atassrl.it\/de\/wp-json\/wp\/v2\/media\/7673"}],"wp:attachment":[{"href":"https:\/\/www.atassrl.it\/de\/wp-json\/wp\/v2\/media?parent=4563"}],"wp:term":[{"taxonomy":"product_brand","embeddable":true,"href":"https:\/\/www.atassrl.it\/de\/wp-json\/wp\/v2\/product_brand?post=4563"},{"taxonomy":"product_cat","embeddable":true,"href":"https:\/\/www.atassrl.it\/de\/wp-json\/wp\/v2\/product_cat?post=4563"},{"taxonomy":"product_tag","embeddable":true,"href":"https:\/\/www.atassrl.it\/de\/wp-json\/wp\/v2\/product_tag?post=4563"}],"curies":[{"name":"wp","href":"https:\/\/api.w.org\/{rel}","templated":true}]}}