{"id":4566,"date":"2019-07-12T16:07:30","date_gmt":"2019-07-12T14:07:30","guid":{"rendered":"http:\/\/atas.devsrvr.net\/prodotto\/valer\/"},"modified":"2022-08-03T14:33:54","modified_gmt":"2022-08-03T12:33:54","slug":"valer","status":"publish","type":"product","link":"https:\/\/www.atassrl.it\/de\/produkt\/valer\/","title":{"rendered":"VALER"},"content":{"rendered":"<p class=\"p1\">Geeignet zur Instandhaltung von Anlagen und Ausru\u0308stungen in automatischen Waschanlagen, Stahltanks und beh\u00e4ltern und Eisenbahnwaggons. Entfernt starke Kalkverkrustungen und Oxidationsspuren von Ober\u00e4chen aus rostfreiem Stahl, Aluminium und Plexiglas, ohne sie anzugreifen. Im Verh\u00e4ltnis 1 zu 10-20 mit Wasser verdu\u0308nnen. Das unverdu\u0308nnte Produkt tr\u00e4gt das Gefahrensymbol fu\u0308r giftige Substanzen, das jedoch bereits bei einer Verdu\u0308nnung im Verh\u00e4ltnis 1 zu 2 entf\u00e4llt. Au\u00dferdem ist die Ausfu\u0308hrung \u201cF2\u201d und \u201cPF\u201d.<\/p>\n","protected":false},"excerpt":{"rendered":"<p class=\"p1\">ENTKALKER<\/p>\n","protected":false},"featured_media":4173,"template":"","meta":{"_acf_changed":false,"_seopress_robots_primary_cat":"","_seopress_titles_title":"","_seopress_titles_desc":"","_seopress_robots_index":"","_seopress_analysis_target_kw":""},"product_brand":[],"product_cat":[274,400],"product_tag":[],"class_list":{"0":"post-4566","1":"product","2":"type-product","3":"status-publish","4":"has-post-thumbnail","6":"product_cat-linea-atasdet-de","7":"product_cat-tanks-und-kompaktoren","9":"first","10":"instock","11":"shipping-taxable","12":"product-type-variable"},"acf":[],"_links":{"self":[{"href":"https:\/\/www.atassrl.it\/de\/wp-json\/wp\/v2\/product\/4566","targetHints":{"allow":["GET"]}}],"collection":[{"href":"https:\/\/www.atassrl.it\/de\/wp-json\/wp\/v2\/product"}],"about":[{"href":"https:\/\/www.atassrl.it\/de\/wp-json\/wp\/v2\/types\/product"}],"wp:featuredmedia":[{"embeddable":true,"href":"https:\/\/www.atassrl.it\/de\/wp-json\/wp\/v2\/media\/4173"}],"wp:attachment":[{"href":"https:\/\/www.atassrl.it\/de\/wp-json\/wp\/v2\/media?parent=4566"}],"wp:term":[{"taxonomy":"product_brand","embeddable":true,"href":"https:\/\/www.atassrl.it\/de\/wp-json\/wp\/v2\/product_brand?post=4566"},{"taxonomy":"product_cat","embeddable":true,"href":"https:\/\/www.atassrl.it\/de\/wp-json\/wp\/v2\/product_cat?post=4566"},{"taxonomy":"product_tag","embeddable":true,"href":"https:\/\/www.atassrl.it\/de\/wp-json\/wp\/v2\/product_tag?post=4566"}],"curies":[{"name":"wp","href":"https:\/\/api.w.org\/{rel}","templated":true}]}}