{"id":4569,"date":"2019-07-12T16:09:42","date_gmt":"2019-07-12T14:09:42","guid":{"rendered":"http:\/\/atas.devsrvr.net\/prodotto\/colar\/"},"modified":"2022-08-03T14:36:58","modified_gmt":"2022-08-03T12:36:58","slug":"colar","status":"publish","type":"product","link":"https:\/\/www.atassrl.it\/de\/produkt\/colar\/","title":{"rendered":"COLAR"},"content":{"rendered":"<p style=\"font-weight: 400;\">Stark alkalisches Produkt, geeignet zum Reinigen von Edelstahlbeh\u00e4ltern (vermeiden Sie Aluminium), die f\u00fcr den Transport von Latex, Harzen, Klebstoff, Schwefel und Fetts\u00e4uren verwendet werden. Mit reduzierter Schaumkraft kann es sowohl mit Vernebler als auch mit Hochdruck-Rotationsk\u00f6pfen verwendet werden.<\/p>\n","protected":false},"excerpt":{"rendered":"<div><span lang=\"DE\">KONZENTRIERTES REINIGUNGSMITTEL F\u00dcR TANKS<\/span><\/div>\n","protected":false},"featured_media":4019,"template":"","meta":{"_acf_changed":false,"_seopress_robots_primary_cat":"","_seopress_titles_title":"","_seopress_titles_desc":"","_seopress_robots_index":"","_seopress_analysis_target_kw":""},"product_brand":[],"product_cat":[274,400],"product_tag":[],"class_list":{"0":"post-4569","1":"product","2":"type-product","3":"status-publish","4":"has-post-thumbnail","6":"product_cat-linea-atasdet-de","7":"product_cat-tanks-und-kompaktoren","9":"first","10":"instock","11":"shipping-taxable","12":"product-type-variable"},"acf":[],"_links":{"self":[{"href":"https:\/\/www.atassrl.it\/de\/wp-json\/wp\/v2\/product\/4569","targetHints":{"allow":["GET"]}}],"collection":[{"href":"https:\/\/www.atassrl.it\/de\/wp-json\/wp\/v2\/product"}],"about":[{"href":"https:\/\/www.atassrl.it\/de\/wp-json\/wp\/v2\/types\/product"}],"wp:featuredmedia":[{"embeddable":true,"href":"https:\/\/www.atassrl.it\/de\/wp-json\/wp\/v2\/media\/4019"}],"wp:attachment":[{"href":"https:\/\/www.atassrl.it\/de\/wp-json\/wp\/v2\/media?parent=4569"}],"wp:term":[{"taxonomy":"product_brand","embeddable":true,"href":"https:\/\/www.atassrl.it\/de\/wp-json\/wp\/v2\/product_brand?post=4569"},{"taxonomy":"product_cat","embeddable":true,"href":"https:\/\/www.atassrl.it\/de\/wp-json\/wp\/v2\/product_cat?post=4569"},{"taxonomy":"product_tag","embeddable":true,"href":"https:\/\/www.atassrl.it\/de\/wp-json\/wp\/v2\/product_tag?post=4569"}],"curies":[{"name":"wp","href":"https:\/\/api.w.org\/{rel}","templated":true}]}}