{"id":4572,"date":"2019-07-12T16:13:37","date_gmt":"2019-07-12T14:13:37","guid":{"rendered":"http:\/\/atas.devsrvr.net\/prodotto\/latex\/"},"modified":"2022-08-03T14:40:56","modified_gmt":"2022-08-03T12:40:56","slug":"latex","status":"publish","type":"product","link":"https:\/\/www.atassrl.it\/de\/produkt\/latex\/","title":{"rendered":"LATEX"},"content":{"rendered":"<p style=\"font-weight: 400;\">Konzentriertes Produkt mit neutralem pH-Wert, speziell formuliert f\u00fcr die Innenreinigung von Tanks und Beh\u00e4ltern im Allgemeinen, verwendet f\u00fcr den Transport oder die Lagerung von w\u00e4ssrigen Dispersionen von Acrylestern und Styrol-Copolymeren (Latex), hochviskosen Fetten und \u00d6len. Dank seiner hohen Viskosit\u00e4t haftet es hartn\u00e4ckig an sogar senkrechten Oberfl\u00e4chen, erh\u00f6ht die Kontaktzeit, erweicht und l\u00f6st sogar teilweise getrocknete R\u00fcckst\u00e4nde.<\/p>\n","protected":false},"excerpt":{"rendered":"<div><span lang=\"DE\">WASCHMITTEL F\u00dcR TANKS<\/span><\/div>\n","protected":false},"featured_media":4110,"template":"","meta":{"_acf_changed":false,"_seopress_robots_primary_cat":"","_seopress_titles_title":"","_seopress_titles_desc":"","_seopress_robots_index":"","_seopress_analysis_target_kw":""},"product_brand":[],"product_cat":[274,400],"product_tag":[],"class_list":{"0":"post-4572","1":"product","2":"type-product","3":"status-publish","4":"has-post-thumbnail","6":"product_cat-linea-atasdet-de","7":"product_cat-tanks-und-kompaktoren","9":"first","10":"instock","11":"shipping-taxable","12":"product-type-variable"},"acf":[],"_links":{"self":[{"href":"https:\/\/www.atassrl.it\/de\/wp-json\/wp\/v2\/product\/4572","targetHints":{"allow":["GET"]}}],"collection":[{"href":"https:\/\/www.atassrl.it\/de\/wp-json\/wp\/v2\/product"}],"about":[{"href":"https:\/\/www.atassrl.it\/de\/wp-json\/wp\/v2\/types\/product"}],"wp:featuredmedia":[{"embeddable":true,"href":"https:\/\/www.atassrl.it\/de\/wp-json\/wp\/v2\/media\/4110"}],"wp:attachment":[{"href":"https:\/\/www.atassrl.it\/de\/wp-json\/wp\/v2\/media?parent=4572"}],"wp:term":[{"taxonomy":"product_brand","embeddable":true,"href":"https:\/\/www.atassrl.it\/de\/wp-json\/wp\/v2\/product_brand?post=4572"},{"taxonomy":"product_cat","embeddable":true,"href":"https:\/\/www.atassrl.it\/de\/wp-json\/wp\/v2\/product_cat?post=4572"},{"taxonomy":"product_tag","embeddable":true,"href":"https:\/\/www.atassrl.it\/de\/wp-json\/wp\/v2\/product_tag?post=4572"}],"curies":[{"name":"wp","href":"https:\/\/api.w.org\/{rel}","templated":true}]}}