{"id":4575,"date":"2019-07-12T16:19:31","date_gmt":"2019-07-12T14:19:31","guid":{"rendered":"http:\/\/atas.devsrvr.net\/prodotto\/cislav\/"},"modified":"2022-08-03T14:43:46","modified_gmt":"2022-08-03T12:43:46","slug":"cislav","status":"publish","type":"product","link":"https:\/\/www.atassrl.it\/de\/produkt\/cislav\/","title":{"rendered":"CISLAV"},"content":{"rendered":"<p style=\"font-weight: 400;\">Chloraktive alkalische Formulierung, geeignet f\u00fcr die Reinigung von Tanks, Edelstahlbeh\u00e4ltern und f\u00fcr den Transport von Schokolade, Wein, Milch und deren Derivaten, da sie Fette, auch Proteine, entfernt. Wirksam gegen Farb- und Tartratr\u00fcckst\u00e4nde &#8211; und HACCP-konform, wird mit Vernebler oder rotierenden Hochdruckk\u00f6pfen verwendet. Vermeiden Sie Aluminiumteile.<\/p>\n","protected":false},"excerpt":{"rendered":"<div><span lang=\"DE\">WASCHMITTEL F\u00dcR TANKS<\/span><\/div>\n","protected":false},"featured_media":4102,"template":"","meta":{"_acf_changed":false,"_seopress_robots_primary_cat":"","_seopress_titles_title":"","_seopress_titles_desc":"","_seopress_robots_index":"","_seopress_analysis_target_kw":""},"product_brand":[],"product_cat":[274,400],"product_tag":[],"class_list":{"0":"post-4575","1":"product","2":"type-product","3":"status-publish","4":"has-post-thumbnail","6":"product_cat-linea-atasdet-de","7":"product_cat-tanks-und-kompaktoren","9":"first","10":"instock","11":"shipping-taxable","12":"product-type-variable"},"acf":[],"_links":{"self":[{"href":"https:\/\/www.atassrl.it\/de\/wp-json\/wp\/v2\/product\/4575","targetHints":{"allow":["GET"]}}],"collection":[{"href":"https:\/\/www.atassrl.it\/de\/wp-json\/wp\/v2\/product"}],"about":[{"href":"https:\/\/www.atassrl.it\/de\/wp-json\/wp\/v2\/types\/product"}],"wp:featuredmedia":[{"embeddable":true,"href":"https:\/\/www.atassrl.it\/de\/wp-json\/wp\/v2\/media\/4102"}],"wp:attachment":[{"href":"https:\/\/www.atassrl.it\/de\/wp-json\/wp\/v2\/media?parent=4575"}],"wp:term":[{"taxonomy":"product_brand","embeddable":true,"href":"https:\/\/www.atassrl.it\/de\/wp-json\/wp\/v2\/product_brand?post=4575"},{"taxonomy":"product_cat","embeddable":true,"href":"https:\/\/www.atassrl.it\/de\/wp-json\/wp\/v2\/product_cat?post=4575"},{"taxonomy":"product_tag","embeddable":true,"href":"https:\/\/www.atassrl.it\/de\/wp-json\/wp\/v2\/product_tag?post=4575"}],"curies":[{"name":"wp","href":"https:\/\/api.w.org\/{rel}","templated":true}]}}