{"id":4578,"date":"2019-07-12T16:21:42","date_gmt":"2019-07-12T14:21:42","guid":{"rendered":"http:\/\/atas.devsrvr.net\/prodotto\/debot\/"},"modified":"2019-07-12T16:21:42","modified_gmt":"2019-07-12T14:21:42","slug":"debot","status":"publish","type":"product","link":"https:\/\/www.atassrl.it\/de\/produkt\/debot\/","title":{"rendered":"DEBOT"},"content":{"rendered":"<p class=\"p1\">Starke Wirkung bei Verkrustungen, entfernt Zementru\u0308ckst.nde, Calciumchlorid und Kalk aus Tanks, verschiedensten Beh\u00e4ltern und Ausru\u0308stungen aus Stahl, Aluminium und Aluminiumlegierungen. Entfernt \u00f6lige Ru\u0308ckst.nde und Kalkverkrustungen aus Schwimmb\u00e4dern, Becken, Filtern usw. Entfernt Smogru\u0308ckst.nde, Silikonablagerungen und Ru\u00df von Eisenbahnwaggons. Verwendbar mit Zerst\u00e4uber und mit Hilfe von Hochdruckger\u00e4ten.<\/p>\n","protected":false},"excerpt":{"rendered":"<p class=\"p1\">S\u00c4UREHALTIGES REINIGUNGSKONZENTRAT<\/p>\n","protected":false},"featured_media":4024,"template":"","meta":{"_acf_changed":false,"_seopress_robots_primary_cat":"","_seopress_titles_title":"","_seopress_titles_desc":"","_seopress_robots_index":"","_seopress_analysis_target_kw":""},"product_brand":[],"product_cat":[274,400],"product_tag":[],"class_list":{"0":"post-4578","1":"product","2":"type-product","3":"status-publish","4":"has-post-thumbnail","6":"product_cat-linea-atasdet-de","7":"product_cat-tanks-und-kompaktoren","9":"first","10":"instock","11":"shipping-taxable","12":"product-type-variable"},"acf":[],"_links":{"self":[{"href":"https:\/\/www.atassrl.it\/de\/wp-json\/wp\/v2\/product\/4578","targetHints":{"allow":["GET"]}}],"collection":[{"href":"https:\/\/www.atassrl.it\/de\/wp-json\/wp\/v2\/product"}],"about":[{"href":"https:\/\/www.atassrl.it\/de\/wp-json\/wp\/v2\/types\/product"}],"wp:featuredmedia":[{"embeddable":true,"href":"https:\/\/www.atassrl.it\/de\/wp-json\/wp\/v2\/media\/4024"}],"wp:attachment":[{"href":"https:\/\/www.atassrl.it\/de\/wp-json\/wp\/v2\/media?parent=4578"}],"wp:term":[{"taxonomy":"product_brand","embeddable":true,"href":"https:\/\/www.atassrl.it\/de\/wp-json\/wp\/v2\/product_brand?post=4578"},{"taxonomy":"product_cat","embeddable":true,"href":"https:\/\/www.atassrl.it\/de\/wp-json\/wp\/v2\/product_cat?post=4578"},{"taxonomy":"product_tag","embeddable":true,"href":"https:\/\/www.atassrl.it\/de\/wp-json\/wp\/v2\/product_tag?post=4578"}],"curies":[{"name":"wp","href":"https:\/\/api.w.org\/{rel}","templated":true}]}}