{"id":4584,"date":"2019-07-12T16:29:27","date_gmt":"2019-07-12T14:29:27","guid":{"rendered":"http:\/\/atas.devsrvr.net\/prodotto\/diftor\/"},"modified":"2022-08-03T15:00:15","modified_gmt":"2022-08-03T13:00:15","slug":"diftor","status":"publish","type":"product","link":"https:\/\/www.atassrl.it\/de\/produkt\/diftor\/","title":{"rendered":"DIFTOR"},"content":{"rendered":"<p style=\"font-weight: 400;\">Mit hoher Entkalkungsleistung entfernt es R\u00fcckst\u00e4nde von Zement, Calciumchlorid, Kalk aus Zisternen, verschiedenen Tanks und Ger\u00e4ten aus Stahl, Aluminium und seinen Legierungen. Es beseitigt \u00f6lige R\u00fcckst\u00e4nde und Kalkablagerungen aus Schwimmb\u00e4dern, Becken, Filtern usw., entfernt Smog, Oxidation, silikatische Ablagerungen und Ru\u00df von Eisenbahnwaggons. Es kann sowohl mit einem Vernebler als auch mit Hilfe von Hochdruckger\u00e4ten verwendet werden.<\/p>\n","protected":false},"excerpt":{"rendered":"<div><span lang=\"DE\">KONZENTRIERTES SAURES WASCHMITTEL<\/span><\/div>\n","protected":false},"featured_media":4042,"template":"","meta":{"_acf_changed":false,"_seopress_robots_primary_cat":"","_seopress_titles_title":"","_seopress_titles_desc":"","_seopress_robots_index":"","_seopress_analysis_target_kw":""},"product_brand":[],"product_cat":[324,274],"product_tag":[],"class_list":{"0":"post-4584","1":"product","2":"type-product","3":"status-publish","4":"has-post-thumbnail","6":"product_cat-hygienisierende-mittel-de","7":"product_cat-linea-atasdet-de","9":"first","10":"instock","11":"shipping-taxable","12":"product-type-variable"},"acf":[],"_links":{"self":[{"href":"https:\/\/www.atassrl.it\/de\/wp-json\/wp\/v2\/product\/4584","targetHints":{"allow":["GET"]}}],"collection":[{"href":"https:\/\/www.atassrl.it\/de\/wp-json\/wp\/v2\/product"}],"about":[{"href":"https:\/\/www.atassrl.it\/de\/wp-json\/wp\/v2\/types\/product"}],"wp:featuredmedia":[{"embeddable":true,"href":"https:\/\/www.atassrl.it\/de\/wp-json\/wp\/v2\/media\/4042"}],"wp:attachment":[{"href":"https:\/\/www.atassrl.it\/de\/wp-json\/wp\/v2\/media?parent=4584"}],"wp:term":[{"taxonomy":"product_brand","embeddable":true,"href":"https:\/\/www.atassrl.it\/de\/wp-json\/wp\/v2\/product_brand?post=4584"},{"taxonomy":"product_cat","embeddable":true,"href":"https:\/\/www.atassrl.it\/de\/wp-json\/wp\/v2\/product_cat?post=4584"},{"taxonomy":"product_tag","embeddable":true,"href":"https:\/\/www.atassrl.it\/de\/wp-json\/wp\/v2\/product_tag?post=4584"}],"curies":[{"name":"wp","href":"https:\/\/api.w.org\/{rel}","templated":true}]}}