{"id":4587,"date":"2019-07-12T16:32:17","date_gmt":"2019-07-12T14:32:17","guid":{"rendered":"http:\/\/atas.devsrvr.net\/prodotto\/dissolw\/"},"modified":"2022-08-03T15:41:59","modified_gmt":"2022-08-03T13:41:59","slug":"dissolw","status":"publish","type":"product","link":"https:\/\/www.atassrl.it\/de\/produkt\/dissolw\/","title":{"rendered":"DISSOLW"},"content":{"rendered":"<p style=\"font-weight: 400;\">Spezialprodukt mit hoher L\u00f6sekraft gegen\u00fcber organischen Stoffen, verhindert G\u00e4rung, beseitigt Ger\u00fcche und hinterl\u00e4sst einen angenehmen Duft. Geeignet f\u00fcr mobile Toiletten und Chemietoiletten von Bussen, Booten, Flugzeugen und Wohnmobilen. Befolgen Sie die Anweisungen auf dem Etikett.<\/p>\n","protected":false},"excerpt":{"rendered":"<div><span lang=\"DE\">ST\u00d6RENDES SANITISIERMITTEL F\u00dcR CHEMISCHE WCS<\/span><\/div>\n","protected":false},"featured_media":4045,"template":"","meta":{"_acf_changed":false,"_seopress_robots_primary_cat":"","_seopress_titles_title":"","_seopress_titles_desc":"","_seopress_robots_index":"","_seopress_analysis_target_kw":""},"product_brand":[],"product_cat":[324,274],"product_tag":[],"class_list":{"0":"post-4587","1":"product","2":"type-product","3":"status-publish","4":"has-post-thumbnail","6":"product_cat-hygienisierende-mittel-de","7":"product_cat-linea-atasdet-de","9":"first","10":"instock","11":"shipping-taxable","12":"product-type-variable"},"acf":[],"_links":{"self":[{"href":"https:\/\/www.atassrl.it\/de\/wp-json\/wp\/v2\/product\/4587","targetHints":{"allow":["GET"]}}],"collection":[{"href":"https:\/\/www.atassrl.it\/de\/wp-json\/wp\/v2\/product"}],"about":[{"href":"https:\/\/www.atassrl.it\/de\/wp-json\/wp\/v2\/types\/product"}],"wp:featuredmedia":[{"embeddable":true,"href":"https:\/\/www.atassrl.it\/de\/wp-json\/wp\/v2\/media\/4045"}],"wp:attachment":[{"href":"https:\/\/www.atassrl.it\/de\/wp-json\/wp\/v2\/media?parent=4587"}],"wp:term":[{"taxonomy":"product_brand","embeddable":true,"href":"https:\/\/www.atassrl.it\/de\/wp-json\/wp\/v2\/product_brand?post=4587"},{"taxonomy":"product_cat","embeddable":true,"href":"https:\/\/www.atassrl.it\/de\/wp-json\/wp\/v2\/product_cat?post=4587"},{"taxonomy":"product_tag","embeddable":true,"href":"https:\/\/www.atassrl.it\/de\/wp-json\/wp\/v2\/product_tag?post=4587"}],"curies":[{"name":"wp","href":"https:\/\/api.w.org\/{rel}","templated":true}]}}