{"id":4590,"date":"2019-07-12T16:34:42","date_gmt":"2019-07-12T14:34:42","guid":{"rendered":"http:\/\/atas.devsrvr.net\/prodotto\/uniclor\/"},"modified":"2022-08-03T16:04:07","modified_gmt":"2022-08-03T14:04:07","slug":"uniclor","status":"publish","type":"product","link":"https:\/\/www.atassrl.it\/de\/produkt\/uniclor\/","title":{"rendered":"UNICLOR"},"content":{"rendered":"<p style=\"font-weight: 400;\">Hochalkalisches Produkt, geeignet zum Reinigen, Entfetten und Desinfizieren von B\u00f6den, W\u00e4nden, K\u00fchlr\u00e4umen, Beh\u00e4ltern und Anlagen f\u00fcr die Lebensmittelindustrie. Der hohe Gehalt an Aktivchlor sorgt nicht nur f\u00fcr eine perfekte Reinigung, sondern tr\u00e4gt auch wesentlich zur Hygiene der behandelten Oberfl\u00e4chen bei. Unverzichtbar f\u00fcr Autowaschanlagen, die auf die Reinigung von Fahrzeugen und K\u00fchlschr\u00e4nken mit Lebensmitteln spezialisiert sind.<\/p>\n","protected":false},"excerpt":{"rendered":"<div><span lang=\"DE\">STARK CHLORAKTIVES, NICHT SCH\u00c4UMENDES REINIGUNGSMITTEL<\/span><\/div>\n","protected":false},"featured_media":4171,"template":"","meta":{"_acf_changed":false,"_seopress_robots_primary_cat":"","_seopress_titles_title":"","_seopress_titles_desc":"","_seopress_robots_index":"","_seopress_analysis_target_kw":""},"product_brand":[],"product_cat":[324,274],"product_tag":[],"class_list":{"0":"post-4590","1":"product","2":"type-product","3":"status-publish","4":"has-post-thumbnail","6":"product_cat-hygienisierende-mittel-de","7":"product_cat-linea-atasdet-de","9":"first","10":"instock","11":"shipping-taxable","12":"product-type-variable"},"acf":[],"_links":{"self":[{"href":"https:\/\/www.atassrl.it\/de\/wp-json\/wp\/v2\/product\/4590","targetHints":{"allow":["GET"]}}],"collection":[{"href":"https:\/\/www.atassrl.it\/de\/wp-json\/wp\/v2\/product"}],"about":[{"href":"https:\/\/www.atassrl.it\/de\/wp-json\/wp\/v2\/types\/product"}],"wp:featuredmedia":[{"embeddable":true,"href":"https:\/\/www.atassrl.it\/de\/wp-json\/wp\/v2\/media\/4171"}],"wp:attachment":[{"href":"https:\/\/www.atassrl.it\/de\/wp-json\/wp\/v2\/media?parent=4590"}],"wp:term":[{"taxonomy":"product_brand","embeddable":true,"href":"https:\/\/www.atassrl.it\/de\/wp-json\/wp\/v2\/product_brand?post=4590"},{"taxonomy":"product_cat","embeddable":true,"href":"https:\/\/www.atassrl.it\/de\/wp-json\/wp\/v2\/product_cat?post=4590"},{"taxonomy":"product_tag","embeddable":true,"href":"https:\/\/www.atassrl.it\/de\/wp-json\/wp\/v2\/product_tag?post=4590"}],"curies":[{"name":"wp","href":"https:\/\/api.w.org\/{rel}","templated":true}]}}