{"id":4593,"date":"2019-07-12T16:40:57","date_gmt":"2019-07-12T14:40:57","guid":{"rendered":"http:\/\/atas.devsrvr.net\/prodotto\/solvar-p-s\/"},"modified":"2022-10-11T09:45:15","modified_gmt":"2022-10-11T07:45:15","slug":"solvar-p-s","status":"publish","type":"product","link":"https:\/\/www.atassrl.it\/de\/produkt\/solvar-p-s\/","title":{"rendered":"SOLVAR P.S."},"content":{"rendered":"<p style=\"font-weight: 400;\">Geruchloses Produkt mit hoher L\u00f6sekraft, geeignet f\u00fcr die Reinigung und Wartung von mechanischen Ger\u00e4ten im Allgemeinen, l\u00f6st \u00d6le und Fette, die in der Metallbearbeitung verwendet werden. Dabei werden Staub, Verarbeitungsr\u00fcckst\u00e4nde und verschiedene Verunreinigungen ausgeschieden. Es \u00fcbt auch eine wirksame Schutzwirkung auf die behandelten Teile aus und sch\u00fctzt sie vor der Aggression durch chemische und atmosph\u00e4rische Einfl\u00fcsse und vor oxidativen Ph\u00e4nomenen, auch im Falle des Versands auf dem Seeweg. Es ver\u00e4ndert die elektrischen Funktionen nicht und kann daher zum Schutz von Batterieklemmen und elektrischen Teilen im Allgemeinen verwendet werden. Verwenden Sie das Produkt so, wie es ist.<\/p>\n","protected":false},"excerpt":{"rendered":"<div><span lang=\"DE\">ANTIOXIDANT-SCHUTZMITTEL<\/span><\/div>\n","protected":false},"featured_media":4098,"template":"","meta":{"_acf_changed":false,"_seopress_robots_primary_cat":"","_seopress_titles_title":"","_seopress_titles_desc":"","_seopress_robots_index":"","_seopress_analysis_target_kw":""},"product_brand":[],"product_cat":[274,343],"product_tag":[],"class_list":{"0":"post-4593","1":"product","2":"type-product","3":"status-publish","4":"has-post-thumbnail","6":"product_cat-linea-atasdet-de","7":"product_cat-machinengeschaeft","9":"first","10":"instock","11":"shipping-taxable","12":"product-type-variable"},"acf":[],"_links":{"self":[{"href":"https:\/\/www.atassrl.it\/de\/wp-json\/wp\/v2\/product\/4593","targetHints":{"allow":["GET"]}}],"collection":[{"href":"https:\/\/www.atassrl.it\/de\/wp-json\/wp\/v2\/product"}],"about":[{"href":"https:\/\/www.atassrl.it\/de\/wp-json\/wp\/v2\/types\/product"}],"wp:featuredmedia":[{"embeddable":true,"href":"https:\/\/www.atassrl.it\/de\/wp-json\/wp\/v2\/media\/4098"}],"wp:attachment":[{"href":"https:\/\/www.atassrl.it\/de\/wp-json\/wp\/v2\/media?parent=4593"}],"wp:term":[{"taxonomy":"product_brand","embeddable":true,"href":"https:\/\/www.atassrl.it\/de\/wp-json\/wp\/v2\/product_brand?post=4593"},{"taxonomy":"product_cat","embeddable":true,"href":"https:\/\/www.atassrl.it\/de\/wp-json\/wp\/v2\/product_cat?post=4593"},{"taxonomy":"product_tag","embeddable":true,"href":"https:\/\/www.atassrl.it\/de\/wp-json\/wp\/v2\/product_tag?post=4593"}],"curies":[{"name":"wp","href":"https:\/\/api.w.org\/{rel}","templated":true}]}}