{"id":4596,"date":"2019-07-12T16:44:06","date_gmt":"2019-07-12T14:44:06","guid":{"rendered":"http:\/\/atas.devsrvr.net\/prodotto\/blokar-special-2\/"},"modified":"2022-10-10T12:06:15","modified_gmt":"2022-10-10T10:06:15","slug":"blokar-special-2","status":"publish","type":"product","link":"https:\/\/www.atassrl.it\/de\/produkt\/blokar-special-2\/","title":{"rendered":"BLOKAR SPECIAL"},"content":{"rendered":"<p style=\"font-weight: 400;\">Speziell f\u00fcr Fahrzeuge mit gro\u00dfem Hubraum und in allen F\u00e4llen, in denen das Bremssystem stark beansprucht wird. Es ver\u00e4ndert keine Teile aus Gummi oder Metall. Stabil bei hohen und niedrigen Temperaturen. Geeignet f\u00fcr Scheiben-, Trommel- und ABS-Systeme. Siedepunkt 265 \u00b0C, nach Befeuchtung 165 \u00b0C. Gefrierpunkt -50 \u00b0C. Die Version \u201eBlokar Max\u201c ist mit einem Siedepunkt nach Befeuchtung von 188 \u00b0C erh\u00e4ltlich.<\/p>\n","protected":false},"excerpt":{"rendered":"<div><span lang=\"DE\">DOT 4 BREMSFL\u00dcSSIGKEIT<\/span><\/div>\n","protected":false},"featured_media":4012,"template":"","meta":{"_acf_changed":false,"_seopress_robots_primary_cat":"","_seopress_titles_title":"","_seopress_titles_desc":"","_seopress_robots_index":"","_seopress_analysis_target_kw":""},"product_brand":[],"product_cat":[274,343],"product_tag":[],"class_list":{"0":"post-4596","1":"product","2":"type-product","3":"status-publish","4":"has-post-thumbnail","6":"product_cat-linea-atasdet-de","7":"product_cat-machinengeschaeft","9":"first","10":"instock","11":"shipping-taxable","12":"product-type-variable"},"acf":[],"_links":{"self":[{"href":"https:\/\/www.atassrl.it\/de\/wp-json\/wp\/v2\/product\/4596","targetHints":{"allow":["GET"]}}],"collection":[{"href":"https:\/\/www.atassrl.it\/de\/wp-json\/wp\/v2\/product"}],"about":[{"href":"https:\/\/www.atassrl.it\/de\/wp-json\/wp\/v2\/types\/product"}],"wp:featuredmedia":[{"embeddable":true,"href":"https:\/\/www.atassrl.it\/de\/wp-json\/wp\/v2\/media\/4012"}],"wp:attachment":[{"href":"https:\/\/www.atassrl.it\/de\/wp-json\/wp\/v2\/media?parent=4596"}],"wp:term":[{"taxonomy":"product_brand","embeddable":true,"href":"https:\/\/www.atassrl.it\/de\/wp-json\/wp\/v2\/product_brand?post=4596"},{"taxonomy":"product_cat","embeddable":true,"href":"https:\/\/www.atassrl.it\/de\/wp-json\/wp\/v2\/product_cat?post=4596"},{"taxonomy":"product_tag","embeddable":true,"href":"https:\/\/www.atassrl.it\/de\/wp-json\/wp\/v2\/product_tag?post=4596"}],"curies":[{"name":"wp","href":"https:\/\/api.w.org\/{rel}","templated":true}]}}