{"id":4604,"date":"2019-07-12T16:51:12","date_gmt":"2019-07-12T14:51:12","guid":{"rendered":"http:\/\/atas.devsrvr.net\/prodotto\/tecnoclim\/"},"modified":"2022-10-13T10:47:39","modified_gmt":"2022-10-13T08:47:39","slug":"tecnoclim","status":"publish","type":"product","link":"https:\/\/www.atassrl.it\/de\/produkt\/tecnoclim\/","title":{"rendered":"TECNOCLIM"},"content":{"rendered":"<p class=\"p1\">Konzentriertes rotes Produkt mit speziellen Korrosionsinhibitoren &#8211; G12 &#8211; f\u00fcr einen wirksamen Schutz des K\u00fchlkreislaufs, insbesondere seiner Aluminiumteile. Verdampfungs- und verkrustungshemmend, bildet keinen Schaum. Verd\u00fcnnt auf 50 % des Volumens, gew\u00e4hrleistet einen Frostschutz bis \u2013 38 \u00b0C. Erh\u00e4ltlich in den Versionen PURE und -40.<\/p>\n","protected":false},"excerpt":{"rendered":"<p class=\"p1\">FROSTSCHUTZ-K\u00dcHLERFL\u00dcSSIGKEIT<\/p>\n","protected":false},"featured_media":4166,"template":"","meta":{"_acf_changed":false,"_seopress_robots_primary_cat":"","_seopress_titles_title":"","_seopress_titles_desc":"","_seopress_robots_index":"","_seopress_analysis_target_kw":""},"product_brand":[],"product_cat":[274,343],"product_tag":[],"class_list":{"0":"post-4604","1":"product","2":"type-product","3":"status-publish","4":"has-post-thumbnail","6":"product_cat-linea-atasdet-de","7":"product_cat-machinengeschaeft","9":"first","10":"instock","11":"shipping-taxable","12":"product-type-variable"},"acf":[],"_links":{"self":[{"href":"https:\/\/www.atassrl.it\/de\/wp-json\/wp\/v2\/product\/4604","targetHints":{"allow":["GET"]}}],"collection":[{"href":"https:\/\/www.atassrl.it\/de\/wp-json\/wp\/v2\/product"}],"about":[{"href":"https:\/\/www.atassrl.it\/de\/wp-json\/wp\/v2\/types\/product"}],"wp:featuredmedia":[{"embeddable":true,"href":"https:\/\/www.atassrl.it\/de\/wp-json\/wp\/v2\/media\/4166"}],"wp:attachment":[{"href":"https:\/\/www.atassrl.it\/de\/wp-json\/wp\/v2\/media?parent=4604"}],"wp:term":[{"taxonomy":"product_brand","embeddable":true,"href":"https:\/\/www.atassrl.it\/de\/wp-json\/wp\/v2\/product_brand?post=4604"},{"taxonomy":"product_cat","embeddable":true,"href":"https:\/\/www.atassrl.it\/de\/wp-json\/wp\/v2\/product_cat?post=4604"},{"taxonomy":"product_tag","embeddable":true,"href":"https:\/\/www.atassrl.it\/de\/wp-json\/wp\/v2\/product_tag?post=4604"}],"curies":[{"name":"wp","href":"https:\/\/api.w.org\/{rel}","templated":true}]}}