{"id":4618,"date":"2019-07-12T16:54:47","date_gmt":"2019-07-12T14:54:47","guid":{"rendered":"http:\/\/atas.devsrvr.net\/prodotto\/d-m-s-1508\/"},"modified":"2022-10-10T16:34:22","modified_gmt":"2022-10-10T14:34:22","slug":"d-m-s-1508","status":"publish","type":"product","link":"https:\/\/www.atassrl.it\/de\/produkt\/d-m-s-1508\/","title":{"rendered":"D.M.S. 1508"},"content":{"rendered":"<p style=\"font-weight: 400;\">Ausgezeichneter Entfetter, der dank der perfekten Balance von L\u00f6sungsmitteln und Emulgatoren \u00d6lr\u00fcckst\u00e4nde und fettige Verkrustungen von Motoren und mechanischen Teilen im Allgemeinen entfernt und die Oberfl\u00e4chen sauber und gl\u00e4nzend hinterl\u00e4sst. Es ver\u00e4ndert Kunststoffe und Gummi nicht, aber es ist trotzdem ratsam, einen l\u00e4ngeren Kontakt zu vermeiden. Zur Verwendung mit einem Vernebler oder in einem Rotationstank. Nach dem Waschen gr\u00fcndlich aussp\u00fclen.<\/p>\n","protected":false},"excerpt":{"rendered":"<div><span lang=\"DE\">ENTKALKER F\u00dcR MECHANISCHE TEILE<\/span><\/div>\n","protected":false},"featured_media":4054,"template":"","meta":{"_acf_changed":false,"_seopress_robots_primary_cat":"","_seopress_titles_title":"","_seopress_titles_desc":"","_seopress_robots_index":"","_seopress_analysis_target_kw":""},"product_brand":[],"product_cat":[274,343,339],"product_tag":[],"class_list":{"0":"post-4618","1":"product","2":"type-product","3":"status-publish","4":"has-post-thumbnail","6":"product_cat-linea-atasdet-de","7":"product_cat-machinengeschaeft","8":"product_cat-motorwaschmittel","10":"first","11":"instock","12":"shipping-taxable","13":"product-type-variable"},"acf":[],"_links":{"self":[{"href":"https:\/\/www.atassrl.it\/de\/wp-json\/wp\/v2\/product\/4618","targetHints":{"allow":["GET"]}}],"collection":[{"href":"https:\/\/www.atassrl.it\/de\/wp-json\/wp\/v2\/product"}],"about":[{"href":"https:\/\/www.atassrl.it\/de\/wp-json\/wp\/v2\/types\/product"}],"wp:featuredmedia":[{"embeddable":true,"href":"https:\/\/www.atassrl.it\/de\/wp-json\/wp\/v2\/media\/4054"}],"wp:attachment":[{"href":"https:\/\/www.atassrl.it\/de\/wp-json\/wp\/v2\/media?parent=4618"}],"wp:term":[{"taxonomy":"product_brand","embeddable":true,"href":"https:\/\/www.atassrl.it\/de\/wp-json\/wp\/v2\/product_brand?post=4618"},{"taxonomy":"product_cat","embeddable":true,"href":"https:\/\/www.atassrl.it\/de\/wp-json\/wp\/v2\/product_cat?post=4618"},{"taxonomy":"product_tag","embeddable":true,"href":"https:\/\/www.atassrl.it\/de\/wp-json\/wp\/v2\/product_tag?post=4618"}],"curies":[{"name":"wp","href":"https:\/\/api.w.org\/{rel}","templated":true}]}}