{"id":4623,"date":"2019-07-12T16:57:49","date_gmt":"2019-07-12T14:57:49","guid":{"rendered":"http:\/\/atas.devsrvr.net\/prodotto\/d-m-z-1512\/"},"modified":"2022-10-11T09:28:15","modified_gmt":"2022-10-11T07:28:15","slug":"d-m-z-1512","status":"publish","type":"product","link":"https:\/\/www.atassrl.it\/de\/produkt\/d-m-z-1512\/","title":{"rendered":"D.M.Z. 1512"},"content":{"rendered":"<p style=\"font-weight: 400;\">F\u00fcr die Au\u00dfenreinigung von Benzin- und Dieselmotoren geeignet, l\u00f6st es Fett, Fettablagerungen und Schlamm schnell und r\u00fcckstandsfrei. Es greift Metalle, Kunststoffe und Gummi nicht an. Es enth\u00e4lt biologisch abbaubare Tenside. Es kann pur oder mit 1-3 Teilen Wasser verd\u00fcnnt verwendet werden.<\/p>\n","protected":false},"excerpt":{"rendered":"<div><span lang=\"ES\">SPRAY PARA LIMPIEZA DE MOTORES<\/span><\/div>\n","protected":false},"featured_media":4055,"template":"","meta":{"_acf_changed":false,"_seopress_robots_primary_cat":"","_seopress_titles_title":"","_seopress_titles_desc":"","_seopress_robots_index":"","_seopress_analysis_target_kw":""},"product_brand":[],"product_cat":[274,343,339],"product_tag":[],"class_list":{"0":"post-4623","1":"product","2":"type-product","3":"status-publish","4":"has-post-thumbnail","6":"product_cat-linea-atasdet-de","7":"product_cat-machinengeschaeft","8":"product_cat-motorwaschmittel","10":"first","11":"instock","12":"shipping-taxable","13":"product-type-variable"},"acf":[],"_links":{"self":[{"href":"https:\/\/www.atassrl.it\/de\/wp-json\/wp\/v2\/product\/4623","targetHints":{"allow":["GET"]}}],"collection":[{"href":"https:\/\/www.atassrl.it\/de\/wp-json\/wp\/v2\/product"}],"about":[{"href":"https:\/\/www.atassrl.it\/de\/wp-json\/wp\/v2\/types\/product"}],"wp:featuredmedia":[{"embeddable":true,"href":"https:\/\/www.atassrl.it\/de\/wp-json\/wp\/v2\/media\/4055"}],"wp:attachment":[{"href":"https:\/\/www.atassrl.it\/de\/wp-json\/wp\/v2\/media?parent=4623"}],"wp:term":[{"taxonomy":"product_brand","embeddable":true,"href":"https:\/\/www.atassrl.it\/de\/wp-json\/wp\/v2\/product_brand?post=4623"},{"taxonomy":"product_cat","embeddable":true,"href":"https:\/\/www.atassrl.it\/de\/wp-json\/wp\/v2\/product_cat?post=4623"},{"taxonomy":"product_tag","embeddable":true,"href":"https:\/\/www.atassrl.it\/de\/wp-json\/wp\/v2\/product_tag?post=4623"}],"curies":[{"name":"wp","href":"https:\/\/api.w.org\/{rel}","templated":true}]}}