{"id":4627,"date":"2019-07-12T17:00:31","date_gmt":"2019-07-12T15:00:31","guid":{"rendered":"http:\/\/atas.devsrvr.net\/prodotto\/motorsol\/"},"modified":"2022-10-11T09:39:18","modified_gmt":"2022-10-11T07:39:18","slug":"motorsol","status":"publish","type":"product","link":"https:\/\/www.atassrl.it\/de\/produkt\/motorsol\/","title":{"rendered":"MOTORSOL"},"content":{"rendered":"<p class=\"p1\">L\u00f6sungsmittelgemisch mit Zusatzstoen, wirkt kalt und entfernt fettige Verkrustungen und \u00d6lschl\u00e4mme von mechanischen Teilen, Kleinteilen und Zahnr\u00e4dern. Das Produkt lu\u0308ftet sehr langsam ab und bleibt lange aktiv. Den Kontakt mit Lack oder Gummiteilen vermeiden. Unverdu\u0308nnt benutzen. Kann im Drehbeh\u00e4lter eingesetzt werden.<\/p>\n","protected":false},"excerpt":{"rendered":"<p class=\"p1\">ENTFETTER F\u00dcR KAMMERWASCHANLAGEN<\/p>\n","protected":false},"featured_media":4094,"template":"","meta":{"_acf_changed":false,"_seopress_robots_primary_cat":"","_seopress_titles_title":"","_seopress_titles_desc":"","_seopress_robots_index":"","_seopress_analysis_target_kw":""},"product_brand":[],"product_cat":[274,343,339],"product_tag":[],"class_list":{"0":"post-4627","1":"product","2":"type-product","3":"status-publish","4":"has-post-thumbnail","6":"product_cat-linea-atasdet-de","7":"product_cat-machinengeschaeft","8":"product_cat-motorwaschmittel","10":"first","11":"instock","12":"shipping-taxable","13":"product-type-variable"},"acf":[],"_links":{"self":[{"href":"https:\/\/www.atassrl.it\/de\/wp-json\/wp\/v2\/product\/4627","targetHints":{"allow":["GET"]}}],"collection":[{"href":"https:\/\/www.atassrl.it\/de\/wp-json\/wp\/v2\/product"}],"about":[{"href":"https:\/\/www.atassrl.it\/de\/wp-json\/wp\/v2\/types\/product"}],"wp:featuredmedia":[{"embeddable":true,"href":"https:\/\/www.atassrl.it\/de\/wp-json\/wp\/v2\/media\/4094"}],"wp:attachment":[{"href":"https:\/\/www.atassrl.it\/de\/wp-json\/wp\/v2\/media?parent=4627"}],"wp:term":[{"taxonomy":"product_brand","embeddable":true,"href":"https:\/\/www.atassrl.it\/de\/wp-json\/wp\/v2\/product_brand?post=4627"},{"taxonomy":"product_cat","embeddable":true,"href":"https:\/\/www.atassrl.it\/de\/wp-json\/wp\/v2\/product_cat?post=4627"},{"taxonomy":"product_tag","embeddable":true,"href":"https:\/\/www.atassrl.it\/de\/wp-json\/wp\/v2\/product_tag?post=4627"}],"curies":[{"name":"wp","href":"https:\/\/api.w.org\/{rel}","templated":true}]}}