{"id":4631,"date":"2019-07-15T15:10:01","date_gmt":"2019-07-15T13:10:01","guid":{"rendered":"http:\/\/atas.devsrvr.net\/prodotto\/motormec\/"},"modified":"2022-10-11T09:33:15","modified_gmt":"2022-10-11T07:33:15","slug":"motormec","status":"publish","type":"product","link":"https:\/\/www.atassrl.it\/de\/produkt\/motormec\/","title":{"rendered":"MOTORMEC"},"content":{"rendered":"<p style=\"font-weight: 400;\">L\u00f6semittelbasierter Reiniger, geeignet f\u00fcr die manuelle Reinigung mit einer B\u00fcrste. Es entfernt fettige und \u00f6lige R\u00fcckst\u00e4nde von Motoren und mechanischen Teilen im Allgemeinen. Dank seiner besonderen Zusammensetzung greift es Schmutz an, indem es ihn vollst\u00e4ndig emulgiert, hinterl\u00e4sst keine Flecken und greift weder Kunststoff- noch Gummiteile an. Produkt mit geringer Verdunstung und geringem Geruch, das auch durch Spr\u00fchen verwendet werden kann. Ohne Sp\u00fclung.<\/p>\n","protected":false},"excerpt":{"rendered":"<p style=\"font-weight: 400;\">MANUELLER ENTFETTER F\u00dcR MECHANISCHE TEILE<\/p>\n","protected":false},"featured_media":4093,"template":"","meta":{"_acf_changed":false,"_seopress_robots_primary_cat":"","_seopress_titles_title":"","_seopress_titles_desc":"","_seopress_robots_index":"","_seopress_analysis_target_kw":""},"product_brand":[],"product_cat":[274,343,339],"product_tag":[],"class_list":{"0":"post-4631","1":"product","2":"type-product","3":"status-publish","4":"has-post-thumbnail","6":"product_cat-linea-atasdet-de","7":"product_cat-machinengeschaeft","8":"product_cat-motorwaschmittel","10":"first","11":"instock","12":"shipping-taxable","13":"product-type-variable"},"acf":[],"_links":{"self":[{"href":"https:\/\/www.atassrl.it\/de\/wp-json\/wp\/v2\/product\/4631","targetHints":{"allow":["GET"]}}],"collection":[{"href":"https:\/\/www.atassrl.it\/de\/wp-json\/wp\/v2\/product"}],"about":[{"href":"https:\/\/www.atassrl.it\/de\/wp-json\/wp\/v2\/types\/product"}],"wp:featuredmedia":[{"embeddable":true,"href":"https:\/\/www.atassrl.it\/de\/wp-json\/wp\/v2\/media\/4093"}],"wp:attachment":[{"href":"https:\/\/www.atassrl.it\/de\/wp-json\/wp\/v2\/media?parent=4631"}],"wp:term":[{"taxonomy":"product_brand","embeddable":true,"href":"https:\/\/www.atassrl.it\/de\/wp-json\/wp\/v2\/product_brand?post=4631"},{"taxonomy":"product_cat","embeddable":true,"href":"https:\/\/www.atassrl.it\/de\/wp-json\/wp\/v2\/product_cat?post=4631"},{"taxonomy":"product_tag","embeddable":true,"href":"https:\/\/www.atassrl.it\/de\/wp-json\/wp\/v2\/product_tag?post=4631"}],"curies":[{"name":"wp","href":"https:\/\/api.w.org\/{rel}","templated":true}]}}