{"id":4637,"date":"2019-07-15T15:14:42","date_gmt":"2019-07-15T13:14:42","guid":{"rendered":"http:\/\/atas.devsrvr.net\/prodotto\/ag-610\/"},"modified":"2019-07-15T15:14:42","modified_gmt":"2019-07-15T13:14:42","slug":"ag-610","status":"publish","type":"product","link":"https:\/\/www.atassrl.it\/de\/produkt\/ag-610\/","title":{"rendered":"AG 610"},"content":{"rendered":"<p class=\"p1\">Organisches L\u00f6sungsmittel, das wegen seiner Stabilit\u00e4t gr\u00f6\u00dfte Sicherheit beim Kaltentfetten von mechanischen Teilen (Eisen, Kupfer, Aluminium, Zinn und Zink) sowohl manuell als auch im Tauchbad bzw. aufgespru\u0308ht bietet. Lu\u0308ftet gut ab, entfernt leicht und schnell \u00f6lige und fettige Ru\u0308ckst.nde, Wachs und Bitumen. Enth\u00e4lt weder chlorierte Substanzen noch aromatische Verbindungen. Unverdu\u0308nnt im Tauchbad verwenden oder aufspru\u0308hen. Muss nicht abgespu\u0308lt werden.<\/p>\n","protected":false},"excerpt":{"rendered":"<p class=\"p1\">ENTFETTER F\u00dcR EISEN UND BLECHE<\/p>\n","protected":false},"featured_media":4000,"template":"","meta":{"_acf_changed":false,"_seopress_robots_primary_cat":"","_seopress_titles_title":"","_seopress_titles_desc":"","_seopress_robots_index":"","_seopress_analysis_target_kw":""},"product_brand":[],"product_cat":[274,343,339],"product_tag":[],"class_list":{"0":"post-4637","1":"product","2":"type-product","3":"status-publish","4":"has-post-thumbnail","6":"product_cat-linea-atasdet-de","7":"product_cat-machinengeschaeft","8":"product_cat-motorwaschmittel","10":"first","11":"instock","12":"shipping-taxable","13":"product-type-simple"},"acf":[],"_links":{"self":[{"href":"https:\/\/www.atassrl.it\/de\/wp-json\/wp\/v2\/product\/4637","targetHints":{"allow":["GET"]}}],"collection":[{"href":"https:\/\/www.atassrl.it\/de\/wp-json\/wp\/v2\/product"}],"about":[{"href":"https:\/\/www.atassrl.it\/de\/wp-json\/wp\/v2\/types\/product"}],"wp:featuredmedia":[{"embeddable":true,"href":"https:\/\/www.atassrl.it\/de\/wp-json\/wp\/v2\/media\/4000"}],"wp:attachment":[{"href":"https:\/\/www.atassrl.it\/de\/wp-json\/wp\/v2\/media?parent=4637"}],"wp:term":[{"taxonomy":"product_brand","embeddable":true,"href":"https:\/\/www.atassrl.it\/de\/wp-json\/wp\/v2\/product_brand?post=4637"},{"taxonomy":"product_cat","embeddable":true,"href":"https:\/\/www.atassrl.it\/de\/wp-json\/wp\/v2\/product_cat?post=4637"},{"taxonomy":"product_tag","embeddable":true,"href":"https:\/\/www.atassrl.it\/de\/wp-json\/wp\/v2\/product_tag?post=4637"}],"curies":[{"name":"wp","href":"https:\/\/api.w.org\/{rel}","templated":true}]}}