{"id":4638,"date":"2019-07-15T15:18:45","date_gmt":"2019-07-15T13:18:45","guid":{"rendered":"http:\/\/atas.devsrvr.net\/prodotto\/romec\/"},"modified":"2022-10-11T09:49:20","modified_gmt":"2022-10-11T07:49:20","slug":"romec","status":"publish","type":"product","link":"https:\/\/www.atassrl.it\/de\/produkt\/romec\/","title":{"rendered":"ROMEC"},"content":{"rendered":"<p style=\"font-weight: 400;\">Mit reduzierter Schaumkraft eignet es sich zum Waschen von Kleinteilen und mechanischen Komponenten aus Eisen, Stahl, Aluminium und seinen Legierungen in einem Rotationstank. Die enthaltenen Tenside stabilisieren schnell fettigen Schmutz und hinterlassen saubere und gl\u00e4nzende Oberfl\u00e4chen. Es kann auch durch Spr\u00fchen verwendet werden. Mit Wasser 1:5-15 verd\u00fcnnen.<\/p>\n","protected":false},"excerpt":{"rendered":"<div><span lang=\"DE\">ENTFETTER AUF WASSERBASIS F\u00dcR ALUMINIUM<\/span><\/div>\n","protected":false},"featured_media":4152,"template":"","meta":{"_acf_changed":false,"_seopress_robots_primary_cat":"","_seopress_titles_title":"","_seopress_titles_desc":"","_seopress_robots_index":"","_seopress_analysis_target_kw":""},"product_brand":[],"product_cat":[359,274,343],"product_tag":[],"class_list":{"0":"post-4638","1":"product","2":"type-product","3":"status-publish","4":"has-post-thumbnail","6":"product_cat-drehbeckenwaschmittel","7":"product_cat-linea-atasdet-de","8":"product_cat-machinengeschaeft","10":"first","11":"instock","12":"shipping-taxable","13":"product-type-variable"},"acf":[],"_links":{"self":[{"href":"https:\/\/www.atassrl.it\/de\/wp-json\/wp\/v2\/product\/4638","targetHints":{"allow":["GET"]}}],"collection":[{"href":"https:\/\/www.atassrl.it\/de\/wp-json\/wp\/v2\/product"}],"about":[{"href":"https:\/\/www.atassrl.it\/de\/wp-json\/wp\/v2\/types\/product"}],"wp:featuredmedia":[{"embeddable":true,"href":"https:\/\/www.atassrl.it\/de\/wp-json\/wp\/v2\/media\/4152"}],"wp:attachment":[{"href":"https:\/\/www.atassrl.it\/de\/wp-json\/wp\/v2\/media?parent=4638"}],"wp:term":[{"taxonomy":"product_brand","embeddable":true,"href":"https:\/\/www.atassrl.it\/de\/wp-json\/wp\/v2\/product_brand?post=4638"},{"taxonomy":"product_cat","embeddable":true,"href":"https:\/\/www.atassrl.it\/de\/wp-json\/wp\/v2\/product_cat?post=4638"},{"taxonomy":"product_tag","embeddable":true,"href":"https:\/\/www.atassrl.it\/de\/wp-json\/wp\/v2\/product_tag?post=4638"}],"curies":[{"name":"wp","href":"https:\/\/api.w.org\/{rel}","templated":true}]}}