{"id":4641,"date":"2019-07-15T15:21:23","date_gmt":"2019-07-15T13:21:23","guid":{"rendered":"http:\/\/atas.devsrvr.net\/prodotto\/rovat\/"},"modified":"2022-10-11T10:00:59","modified_gmt":"2022-10-11T08:00:59","slug":"rovat","status":"publish","type":"product","link":"https:\/\/www.atassrl.it\/de\/produkt\/rovat\/","title":{"rendered":"ROVAT"},"content":{"rendered":"<p style=\"font-weight: 400;\">Konzentriertes alkalisches Reinigungsmittel speziell zum Waschen mechanischer Teile aus Eisen, Gusseisen, Stahl, Kupfer und Messing in einem rotierenden Tank. Es bildet keinen Schaum und l\u00f6st schnell fettige und \u00f6lige R\u00fcckst\u00e4nde. Es kann auch durch Spr\u00fchen oder Tauchen verwendet werden. Vermeiden Sie Teile aus Aluminium und seinen Legierungen. Mit Wasser 1 zu 5-15 verd\u00fcnnen.<\/p>\n","protected":false},"excerpt":{"rendered":"<div><span lang=\"DE\">ENTFETTER AUF WASSERBASIS F\u00dcR MECHANISCHE TEILE<\/span><\/div>\n","protected":false},"featured_media":4153,"template":"","meta":{"_acf_changed":false,"_seopress_robots_primary_cat":"","_seopress_titles_title":"","_seopress_titles_desc":"","_seopress_robots_index":"","_seopress_analysis_target_kw":""},"product_brand":[],"product_cat":[359,274,343],"product_tag":[],"class_list":{"0":"post-4641","1":"product","2":"type-product","3":"status-publish","4":"has-post-thumbnail","6":"product_cat-drehbeckenwaschmittel","7":"product_cat-linea-atasdet-de","8":"product_cat-machinengeschaeft","10":"first","11":"instock","12":"shipping-taxable","13":"product-type-variable"},"acf":[],"_links":{"self":[{"href":"https:\/\/www.atassrl.it\/de\/wp-json\/wp\/v2\/product\/4641","targetHints":{"allow":["GET"]}}],"collection":[{"href":"https:\/\/www.atassrl.it\/de\/wp-json\/wp\/v2\/product"}],"about":[{"href":"https:\/\/www.atassrl.it\/de\/wp-json\/wp\/v2\/types\/product"}],"wp:featuredmedia":[{"embeddable":true,"href":"https:\/\/www.atassrl.it\/de\/wp-json\/wp\/v2\/media\/4153"}],"wp:attachment":[{"href":"https:\/\/www.atassrl.it\/de\/wp-json\/wp\/v2\/media?parent=4641"}],"wp:term":[{"taxonomy":"product_brand","embeddable":true,"href":"https:\/\/www.atassrl.it\/de\/wp-json\/wp\/v2\/product_brand?post=4641"},{"taxonomy":"product_cat","embeddable":true,"href":"https:\/\/www.atassrl.it\/de\/wp-json\/wp\/v2\/product_cat?post=4641"},{"taxonomy":"product_tag","embeddable":true,"href":"https:\/\/www.atassrl.it\/de\/wp-json\/wp\/v2\/product_tag?post=4641"}],"curies":[{"name":"wp","href":"https:\/\/api.w.org\/{rel}","templated":true}]}}