{"id":4644,"date":"2019-07-15T15:23:55","date_gmt":"2019-07-15T13:23:55","guid":{"rendered":"http:\/\/atas.devsrvr.net\/prodotto\/varcal\/"},"modified":"2022-10-11T10:02:58","modified_gmt":"2022-10-11T08:02:58","slug":"varcal","status":"publish","type":"product","link":"https:\/\/www.atassrl.it\/de\/produkt\/varcal\/","title":{"rendered":"VARCAL"},"content":{"rendered":"<p style=\"font-weight: 400;\">Hochl\u00f6sliches Reinigungsmittel in Pulverform, reich an Emulgatoren, die es erm\u00f6glichen, mechanische Teile aus Stahl, Eisen und Aluminium gr\u00fcndlich zu entfetten. Zu 1-2% in der Wanne bei 80\u00b0C verwenden, es bildet sich kein Schaum. Bei Aluminium und Legierungen Kontaktzeiten reduzieren.<\/p>\n","protected":false},"excerpt":{"rendered":"<p style=\"font-weight: 400;\">PULVERENTFETTER F\u00dcR HEISSWASSER-DREHBEH\u00c4LTER<\/p>\n","protected":false},"featured_media":4176,"template":"","meta":{"_acf_changed":false,"_seopress_robots_primary_cat":"","_seopress_titles_title":"","_seopress_titles_desc":"","_seopress_robots_index":"","_seopress_analysis_target_kw":""},"product_brand":[],"product_cat":[359,274,343],"product_tag":[],"class_list":{"0":"post-4644","1":"product","2":"type-product","3":"status-publish","4":"has-post-thumbnail","6":"product_cat-drehbeckenwaschmittel","7":"product_cat-linea-atasdet-de","8":"product_cat-machinengeschaeft","10":"first","11":"instock","12":"shipping-taxable","13":"product-type-simple"},"acf":[],"_links":{"self":[{"href":"https:\/\/www.atassrl.it\/de\/wp-json\/wp\/v2\/product\/4644","targetHints":{"allow":["GET"]}}],"collection":[{"href":"https:\/\/www.atassrl.it\/de\/wp-json\/wp\/v2\/product"}],"about":[{"href":"https:\/\/www.atassrl.it\/de\/wp-json\/wp\/v2\/types\/product"}],"wp:featuredmedia":[{"embeddable":true,"href":"https:\/\/www.atassrl.it\/de\/wp-json\/wp\/v2\/media\/4176"}],"wp:attachment":[{"href":"https:\/\/www.atassrl.it\/de\/wp-json\/wp\/v2\/media?parent=4644"}],"wp:term":[{"taxonomy":"product_brand","embeddable":true,"href":"https:\/\/www.atassrl.it\/de\/wp-json\/wp\/v2\/product_brand?post=4644"},{"taxonomy":"product_cat","embeddable":true,"href":"https:\/\/www.atassrl.it\/de\/wp-json\/wp\/v2\/product_cat?post=4644"},{"taxonomy":"product_tag","embeddable":true,"href":"https:\/\/www.atassrl.it\/de\/wp-json\/wp\/v2\/product_tag?post=4644"}],"curies":[{"name":"wp","href":"https:\/\/api.w.org\/{rel}","templated":true}]}}