{"id":4645,"date":"2019-07-15T15:27:32","date_gmt":"2019-07-15T13:27:32","guid":{"rendered":"http:\/\/atas.devsrvr.net\/prodotto\/dlb-2\/"},"modified":"2022-10-11T10:13:54","modified_gmt":"2022-10-11T08:13:54","slug":"dlb-2","status":"publish","type":"product","link":"https:\/\/www.atassrl.it\/de\/produkt\/dlb-2\/","title":{"rendered":"DLB"},"content":{"rendered":"<p style=\"font-weight: 400;\">Viskoses und sch\u00e4umendes Reinigungsmittel mit neutralem pH-Wert f\u00fcr die Pflege und Wartung von Rennr\u00e4dern, Mountainbikes, Motorr\u00e4dern und Rollern. Dank der enthaltenen besonderen Substanzen kann es gefahrlos manuell auf Lacken, Kunststoffen, Gummis, Leichtmetallen, Aluminium und Verchromungen angewendet werden. Leicht absp\u00fclbar, stellt es den behandelten Teilen den urspr\u00fcnglichen Glanz wieder her. Es kann auch in Gegenwart von salzreichen W\u00e4ssern verwendet werden. Es enth\u00e4lt keine Phosphate.<\/p>\n","protected":false},"excerpt":{"rendered":"<p style=\"font-weight: 400;\">SPEZIELLES SHAMPOO F\u00dcR FAHRR\u00c4DER, MOTORR\u00c4DER UND MOTORROLLER<\/p>\n","protected":false},"featured_media":4047,"template":"","meta":{"_acf_changed":false,"_seopress_robots_primary_cat":"","_seopress_titles_title":"","_seopress_titles_desc":"","_seopress_robots_index":"","_seopress_analysis_target_kw":""},"product_brand":[],"product_cat":[293,274],"product_tag":[],"class_list":{"0":"post-4645","1":"product","2":"type-product","3":"status-publish","4":"has-post-thumbnail","6":"product_cat-fahrraeder-und-motorraeder","7":"product_cat-linea-atasdet-de","9":"first","10":"instock","11":"shipping-taxable","12":"product-type-variable"},"acf":[],"_links":{"self":[{"href":"https:\/\/www.atassrl.it\/de\/wp-json\/wp\/v2\/product\/4645","targetHints":{"allow":["GET"]}}],"collection":[{"href":"https:\/\/www.atassrl.it\/de\/wp-json\/wp\/v2\/product"}],"about":[{"href":"https:\/\/www.atassrl.it\/de\/wp-json\/wp\/v2\/types\/product"}],"wp:featuredmedia":[{"embeddable":true,"href":"https:\/\/www.atassrl.it\/de\/wp-json\/wp\/v2\/media\/4047"}],"wp:attachment":[{"href":"https:\/\/www.atassrl.it\/de\/wp-json\/wp\/v2\/media?parent=4645"}],"wp:term":[{"taxonomy":"product_brand","embeddable":true,"href":"https:\/\/www.atassrl.it\/de\/wp-json\/wp\/v2\/product_brand?post=4645"},{"taxonomy":"product_cat","embeddable":true,"href":"https:\/\/www.atassrl.it\/de\/wp-json\/wp\/v2\/product_cat?post=4645"},{"taxonomy":"product_tag","embeddable":true,"href":"https:\/\/www.atassrl.it\/de\/wp-json\/wp\/v2\/product_tag?post=4645"}],"curies":[{"name":"wp","href":"https:\/\/api.w.org\/{rel}","templated":true}]}}