{"id":4648,"date":"2019-07-15T15:50:59","date_gmt":"2019-07-15T13:50:59","guid":{"rendered":"http:\/\/atas.devsrvr.net\/prodotto\/pulibike-2\/"},"modified":"2022-10-11T10:21:09","modified_gmt":"2022-10-11T08:21:09","slug":"pulibike-2","status":"publish","type":"product","link":"https:\/\/www.atassrl.it\/de\/produkt\/pulibike-2\/","title":{"rendered":"PULIBIKE"},"content":{"rendered":"<p style=\"font-weight: 400;\">Produkt mit geringer Alkalit\u00e4t, geeignet zum Reinigen und Entfetten von Motorr\u00e4dern, Motorrollern, Fahrr\u00e4dern, Mountainbikes und sogar Rennr\u00e4dern. Es l\u00e4sst sich leicht absp\u00fclen und hinterl\u00e4sst Oberfl\u00e4chen sauber und gl\u00e4nzend. Es entfernt Schmutz von Ketten, Naben, \u00dcbersetzungen, Rahmen, Motorbl\u00f6cken und mechanischen Teilen im Allgemeinen. Es enth\u00e4lt keine Phosphate. 1 zu 3-4 mit Wasser verd\u00fcnnen und durch Spr\u00fchen oder Pinsel auftragen.<\/p>\n","protected":false},"excerpt":{"rendered":"<div><span lang=\"DE\">ENTFETTER F\u00dcR FAHRRAD- UND MOTORRADVERKLEIDUNGEN<\/span><\/div>\n","protected":false},"featured_media":4146,"template":"","meta":{"_acf_changed":false,"_seopress_robots_primary_cat":"","_seopress_titles_title":"","_seopress_titles_desc":"","_seopress_robots_index":"","_seopress_analysis_target_kw":""},"product_brand":[],"product_cat":[293,274],"product_tag":[],"class_list":{"0":"post-4648","1":"product","2":"type-product","3":"status-publish","4":"has-post-thumbnail","6":"product_cat-fahrraeder-und-motorraeder","7":"product_cat-linea-atasdet-de","9":"first","10":"instock","11":"shipping-taxable","12":"product-type-variable"},"acf":[],"_links":{"self":[{"href":"https:\/\/www.atassrl.it\/de\/wp-json\/wp\/v2\/product\/4648","targetHints":{"allow":["GET"]}}],"collection":[{"href":"https:\/\/www.atassrl.it\/de\/wp-json\/wp\/v2\/product"}],"about":[{"href":"https:\/\/www.atassrl.it\/de\/wp-json\/wp\/v2\/types\/product"}],"wp:featuredmedia":[{"embeddable":true,"href":"https:\/\/www.atassrl.it\/de\/wp-json\/wp\/v2\/media\/4146"}],"wp:attachment":[{"href":"https:\/\/www.atassrl.it\/de\/wp-json\/wp\/v2\/media?parent=4648"}],"wp:term":[{"taxonomy":"product_brand","embeddable":true,"href":"https:\/\/www.atassrl.it\/de\/wp-json\/wp\/v2\/product_brand?post=4648"},{"taxonomy":"product_cat","embeddable":true,"href":"https:\/\/www.atassrl.it\/de\/wp-json\/wp\/v2\/product_cat?post=4648"},{"taxonomy":"product_tag","embeddable":true,"href":"https:\/\/www.atassrl.it\/de\/wp-json\/wp\/v2\/product_tag?post=4648"}],"curies":[{"name":"wp","href":"https:\/\/api.w.org\/{rel}","templated":true}]}}