{"id":4651,"date":"2019-07-15T15:54:05","date_gmt":"2019-07-15T13:54:05","guid":{"rendered":"http:\/\/atas.devsrvr.net\/prodotto\/permoto\/"},"modified":"2022-10-11T10:37:26","modified_gmt":"2022-10-11T08:37:26","slug":"permoto","status":"publish","type":"product","link":"https:\/\/www.atassrl.it\/de\/produkt\/permoto\/","title":{"rendered":"PERMOTO"},"content":{"rendered":"<p style=\"font-weight: 400;\">Hochkonzentriertes, niedrig alkalisches Reinigungsmittel, geeignet f\u00fcr die Hochdruckw\u00e4sche in SB-Anlagen von Motorr\u00e4dern und Motorrollern. Es \u00fcbt eine g\u00fcltige weichmachende Wirkung aus und ist wirksam bei fettigem Schmutz, Smog, Verkehrsfilm, \u00d6lr\u00fcckst\u00e4nden, M\u00fccken und Erde. M\u00e4\u00dfig sch\u00e4umend hinterl\u00e4sst es perfekt saubere und gl\u00e4nzende Oberfl\u00e4chen. Es greift Lacke, Kunststoffe, Dichtungen, Formteile, Profile verschiedener Art nicht an. Vermeiden Sie hei\u00dfe Oberfl\u00e4chen.<\/p>\n","protected":false},"excerpt":{"rendered":"<div><span lang=\"DE\">ENTFETTENDES REINIGUNGSMITTEL F\u00dcR MOTORR\u00c4DER<\/span><\/div>\n","protected":false},"featured_media":7637,"template":"","meta":{"_acf_changed":false,"_seopress_robots_primary_cat":"","_seopress_titles_title":"","_seopress_titles_desc":"","_seopress_robots_index":"","_seopress_analysis_target_kw":""},"product_brand":[],"product_cat":[293,274],"product_tag":[875],"class_list":{"0":"post-4651","1":"product","2":"type-product","3":"status-publish","4":"has-post-thumbnail","6":"product_cat-fahrraeder-und-motorraeder","7":"product_cat-linea-atasdet-de","8":"product_tag-motorraeder-und-fahrraeder","10":"first","11":"instock","12":"shipping-taxable","13":"product-type-variable"},"acf":[],"_links":{"self":[{"href":"https:\/\/www.atassrl.it\/de\/wp-json\/wp\/v2\/product\/4651","targetHints":{"allow":["GET"]}}],"collection":[{"href":"https:\/\/www.atassrl.it\/de\/wp-json\/wp\/v2\/product"}],"about":[{"href":"https:\/\/www.atassrl.it\/de\/wp-json\/wp\/v2\/types\/product"}],"wp:featuredmedia":[{"embeddable":true,"href":"https:\/\/www.atassrl.it\/de\/wp-json\/wp\/v2\/media\/7637"}],"wp:attachment":[{"href":"https:\/\/www.atassrl.it\/de\/wp-json\/wp\/v2\/media?parent=4651"}],"wp:term":[{"taxonomy":"product_brand","embeddable":true,"href":"https:\/\/www.atassrl.it\/de\/wp-json\/wp\/v2\/product_brand?post=4651"},{"taxonomy":"product_cat","embeddable":true,"href":"https:\/\/www.atassrl.it\/de\/wp-json\/wp\/v2\/product_cat?post=4651"},{"taxonomy":"product_tag","embeddable":true,"href":"https:\/\/www.atassrl.it\/de\/wp-json\/wp\/v2\/product_tag?post=4651"}],"curies":[{"name":"wp","href":"https:\/\/api.w.org\/{rel}","templated":true}]}}