{"id":4655,"date":"2019-07-15T16:03:32","date_gmt":"2019-07-15T14:03:32","guid":{"rendered":"http:\/\/atas.devsrvr.net\/prodotto\/makycar-1sa\/"},"modified":"2022-10-11T17:15:36","modified_gmt":"2022-10-11T15:15:36","slug":"makycar-1sa","status":"publish","type":"product","link":"https:\/\/www.atassrl.it\/de\/produkt\/makycar-1sa\/","title":{"rendered":"MAKYCAR 1SA"},"content":{"rendered":"<p style=\"font-weight: 400;\">Dieses hochkonzentrierte Produkt wurde speziell f\u00fcr Karosseriewerkst\u00e4tten entwickelt und regeneriert durch Verschlei\u00df und Witterungseinfl\u00fcsse matte Lacke und bringt sie durch die Beseitigung kleiner Oxidationen, leichter Kratzer, Smog und Lackreste wieder in ihren urspr\u00fcnglichen Glanz. Es garantiert eine gl\u00e4nzende und hochglatte Oberfl\u00e4che. Es kann sowohl manuell als auch mit Orbitalscheibe verwendet werden. Es enth\u00e4lt kein Silikon.<\/p>\n","protected":false},"excerpt":{"rendered":"<div><span lang=\"DE\">PROFESSIONELLE SCHLEIFPOLITUR<\/span><\/div>\n","protected":false},"featured_media":4113,"template":"","meta":{"_acf_changed":false,"_seopress_robots_primary_cat":"","_seopress_titles_title":"","_seopress_titles_desc":"","_seopress_robots_index":"","_seopress_analysis_target_kw":""},"product_brand":[],"product_cat":[281,274],"product_tag":[],"class_list":{"0":"post-4655","1":"product","2":"type-product","3":"status-publish","4":"has-post-thumbnail","6":"product_cat-auto-karosserie","7":"product_cat-linea-atasdet-de","9":"first","10":"instock","11":"shipping-taxable","12":"product-type-simple"},"acf":[],"_links":{"self":[{"href":"https:\/\/www.atassrl.it\/de\/wp-json\/wp\/v2\/product\/4655","targetHints":{"allow":["GET"]}}],"collection":[{"href":"https:\/\/www.atassrl.it\/de\/wp-json\/wp\/v2\/product"}],"about":[{"href":"https:\/\/www.atassrl.it\/de\/wp-json\/wp\/v2\/types\/product"}],"wp:featuredmedia":[{"embeddable":true,"href":"https:\/\/www.atassrl.it\/de\/wp-json\/wp\/v2\/media\/4113"}],"wp:attachment":[{"href":"https:\/\/www.atassrl.it\/de\/wp-json\/wp\/v2\/media?parent=4655"}],"wp:term":[{"taxonomy":"product_brand","embeddable":true,"href":"https:\/\/www.atassrl.it\/de\/wp-json\/wp\/v2\/product_brand?post=4655"},{"taxonomy":"product_cat","embeddable":true,"href":"https:\/\/www.atassrl.it\/de\/wp-json\/wp\/v2\/product_cat?post=4655"},{"taxonomy":"product_tag","embeddable":true,"href":"https:\/\/www.atassrl.it\/de\/wp-json\/wp\/v2\/product_tag?post=4655"}],"curies":[{"name":"wp","href":"https:\/\/api.w.org\/{rel}","templated":true}]}}