{"id":4656,"date":"2019-07-15T16:06:13","date_gmt":"2019-07-15T14:06:13","guid":{"rendered":"http:\/\/atas.devsrvr.net\/prodotto\/makycar-2sl-2\/"},"modified":"2022-10-11T17:17:47","modified_gmt":"2022-10-11T15:17:47","slug":"makycar-2sl-2","status":"publish","type":"product","link":"https:\/\/www.atassrl.it\/de\/produkt\/makycar-2sl-2\/","title":{"rendered":"MAKYCAR 2SL"},"content":{"rendered":"<p style=\"font-weight: 400;\">Diese f\u00fcr Karosseriewerkst\u00e4tten empfohlene Politur ist eine intensive Regenerierungsbehandlung f\u00fcr stumpfe oder durch Smog, Ru\u00df, sauren Regen usw. besch\u00e4digte Lacke. Dank der enthaltenen Spezialsubstanzen belebt und poliert sie Oberfl\u00e4chen, sch\u00fctzt sie langfristig und sorgt f\u00fcr einen perfekten Spiegelglanz . Es enth\u00e4lt kein Silikon.<\/p>\n","protected":false},"excerpt":{"rendered":"<div><span lang=\"DE\">PROFESSIONELLE AUFHELLENDE POLITUR<\/span><\/div>\n","protected":false},"featured_media":4114,"template":"","meta":{"_acf_changed":false,"_seopress_robots_primary_cat":"","_seopress_titles_title":"","_seopress_titles_desc":"","_seopress_robots_index":"","_seopress_analysis_target_kw":""},"product_brand":[],"product_cat":[281,274],"product_tag":[],"class_list":{"0":"post-4656","1":"product","2":"type-product","3":"status-publish","4":"has-post-thumbnail","6":"product_cat-auto-karosserie","7":"product_cat-linea-atasdet-de","9":"first","10":"instock","11":"shipping-taxable","12":"product-type-simple"},"acf":[],"_links":{"self":[{"href":"https:\/\/www.atassrl.it\/de\/wp-json\/wp\/v2\/product\/4656","targetHints":{"allow":["GET"]}}],"collection":[{"href":"https:\/\/www.atassrl.it\/de\/wp-json\/wp\/v2\/product"}],"about":[{"href":"https:\/\/www.atassrl.it\/de\/wp-json\/wp\/v2\/types\/product"}],"wp:featuredmedia":[{"embeddable":true,"href":"https:\/\/www.atassrl.it\/de\/wp-json\/wp\/v2\/media\/4114"}],"wp:attachment":[{"href":"https:\/\/www.atassrl.it\/de\/wp-json\/wp\/v2\/media?parent=4656"}],"wp:term":[{"taxonomy":"product_brand","embeddable":true,"href":"https:\/\/www.atassrl.it\/de\/wp-json\/wp\/v2\/product_brand?post=4656"},{"taxonomy":"product_cat","embeddable":true,"href":"https:\/\/www.atassrl.it\/de\/wp-json\/wp\/v2\/product_cat?post=4656"},{"taxonomy":"product_tag","embeddable":true,"href":"https:\/\/www.atassrl.it\/de\/wp-json\/wp\/v2\/product_tag?post=4656"}],"curies":[{"name":"wp","href":"https:\/\/api.w.org\/{rel}","templated":true}]}}