{"id":4657,"date":"2019-07-15T16:13:33","date_gmt":"2019-07-15T14:13:33","guid":{"rendered":"http:\/\/atas.devsrvr.net\/prodotto\/solmec\/"},"modified":"2022-10-11T17:24:28","modified_gmt":"2022-10-11T15:24:28","slug":"solmec","status":"publish","type":"product","link":"https:\/\/www.atassrl.it\/de\/produkt\/solmec\/","title":{"rendered":"SOLMEC"},"content":{"rendered":"<p style=\"font-weight: 400;\">Produkt reich an wasserl\u00f6slichen L\u00f6sungsmitteln, das fettige R\u00fcckst\u00e4nde und Zeichen durch den Verkehr von Wagen und Fahrzeugen entfernt. Es l\u00e4sst sich leicht aussp\u00fclen und kann mit einem Waschtrockner auf allen B\u00f6den in Werkst\u00e4tten, Lagern, Karosseriewerkst\u00e4tten, Autoh\u00e4usern usw. verwendet werden. Mit Wasser 1: 5-15 verd\u00fcnnen.<\/p>\n","protected":false},"excerpt":{"rendered":"<div><span lang=\"DE\">ENTFETTER F\u00dcR B\u00d6DEN<\/span><\/div>\n","protected":false},"featured_media":4160,"template":"","meta":{"_acf_changed":false,"_seopress_robots_primary_cat":"","_seopress_titles_title":"","_seopress_titles_desc":"","_seopress_robots_index":"","_seopress_analysis_target_kw":""},"product_brand":[],"product_cat":[316,274],"product_tag":[],"class_list":{"0":"post-4657","1":"product","2":"type-product","3":"status-publish","4":"has-post-thumbnail","6":"product_cat-bodenwaschmittel","7":"product_cat-linea-atasdet-de","9":"first","10":"instock","11":"shipping-taxable","12":"product-type-variable"},"acf":[],"_links":{"self":[{"href":"https:\/\/www.atassrl.it\/de\/wp-json\/wp\/v2\/product\/4657","targetHints":{"allow":["GET"]}}],"collection":[{"href":"https:\/\/www.atassrl.it\/de\/wp-json\/wp\/v2\/product"}],"about":[{"href":"https:\/\/www.atassrl.it\/de\/wp-json\/wp\/v2\/types\/product"}],"wp:featuredmedia":[{"embeddable":true,"href":"https:\/\/www.atassrl.it\/de\/wp-json\/wp\/v2\/media\/4160"}],"wp:attachment":[{"href":"https:\/\/www.atassrl.it\/de\/wp-json\/wp\/v2\/media?parent=4657"}],"wp:term":[{"taxonomy":"product_brand","embeddable":true,"href":"https:\/\/www.atassrl.it\/de\/wp-json\/wp\/v2\/product_brand?post=4657"},{"taxonomy":"product_cat","embeddable":true,"href":"https:\/\/www.atassrl.it\/de\/wp-json\/wp\/v2\/product_cat?post=4657"},{"taxonomy":"product_tag","embeddable":true,"href":"https:\/\/www.atassrl.it\/de\/wp-json\/wp\/v2\/product_tag?post=4657"}],"curies":[{"name":"wp","href":"https:\/\/api.w.org\/{rel}","templated":true}]}}